{"id":35,"date":"2024-08-10T16:52:20","date_gmt":"2024-08-10T16:52:20","guid":{"rendered":"https:\/\/buyweedidaho.com\/?page_id=35"},"modified":"2024-08-10T16:52:20","modified_gmt":"2024-08-10T16:52:20","slug":"metatags2","status":"publish","type":"page","link":"https:\/\/buyweedidaho.com\/index.php\/metatags2\/","title":{"rendered":"metatags2"},"content":{"rendered":"<p>cannabis Idaho, marijuana Idaho, Idaho dispensaries, cannabis dispensaries Idaho, buy cannabis Idaho, marijuana dispensaries Idaho, cannabis shops Idaho, Idaho weed, cannabis delivery Idaho, marijuana delivery Idaho, weed delivery Idaho, Idaho marijuana, cannabis near me Idaho, weed shops Idaho, dispensaries near me Idaho, best dispensaries Idaho, cannabis for sale Idaho, marijuana for sale Idaho, weed for sale Idaho, buy weed Idaho, cannabis store Idaho, marijuana store Idaho, Idaho cannabis delivery, cannabis prices Idaho, marijuana prices Idaho, weed prices Idaho, cannabis specials Idaho, marijuana specials Idaho, weed specials Idaho, cannabis deals Idaho, marijuana deals Idaho, weed deals Idaho, cannabis retailers Idaho, marijuana retailers Idaho, weed retailers Idaho, cannabis strains Idaho, marijuana strains Idaho, weed strains Idaho, cannabis products Idaho, marijuana products Idaho, weed products Idaho, cannabis edibles Idaho, marijuana edibles Idaho, weed edibles Idaho, cannabis concentrates Idaho, marijuana concentrates Idaho, weed concentrates Idaho, cannabis oils Idaho, marijuana oils Idaho, weed oils Idaho, cannabis tinctures Idaho, marijuana tinctures Idaho, weed tinctures Idaho, cannabis flowers Idaho, marijuana flowers Idaho, weed flowers Idaho, cannabis buds Idaho, marijuana buds Idaho, weed buds Idaho, buy marijuana online Idaho, buy cannabis online Idaho, online cannabis Idaho, online marijuana Idaho, Idaho cannabis shops, Idaho marijuana shops, Idaho weed shops, cannabis shop Boise, marijuana shop Boise, weed shop Boise, cannabis dispensary Boise, marijuana dispensary Boise, weed dispensary Boise, buy weed online Boise, buy cannabis online Boise, cannabis delivery Boise, marijuana delivery Boise, weed delivery Boise, cannabis deals Boise, marijuana deals Boise, weed deals Boise, cannabis specials Boise, marijuana specials Boise, weed specials Boise, cannabis retailers Boise, marijuana retailers Boise, weed retailers Boise, best cannabis dispensaries Idaho, best marijuana dispensaries Idaho, best weed dispensaries Idaho, cannabis near me Boise, marijuana near me Boise, weed near me Boise, Idaho Falls cannabis, Idaho Falls marijuana, Idaho Falls weed, cannabis delivery Idaho Falls, marijuana delivery Idaho Falls, weed delivery Idaho Falls, buy cannabis Idaho Falls, buy marijuana Idaho Falls, cannabis shop Idaho Falls, marijuana shop Idaho Falls, weed shop Idaho Falls, cannabis dispensary Idaho Falls, marijuana dispensary Idaho Falls, weed dispensary Idaho Falls, cannabis specials Idaho Falls, marijuana specials Idaho Falls, weed specials Idaho Falls, cannabis deals Idaho Falls, marijuana deals Idaho Falls, weed deals Idaho Falls, cannabis retailers Idaho Falls, marijuana retailers Idaho Falls, weed retailers Idaho Falls, cannabis strains Idaho Falls, marijuana strains Idaho Falls, weed strains Idaho Falls, cannabis prices Idaho Falls, marijuana prices Idaho Falls, weed prices Idaho Falls, cannabis products Idaho Falls, marijuana products Idaho Falls, weed products Idaho Falls, best cannabis in Idaho, best marijuana in Idaho, best weed in Idaho, cannabis near me, marijuana near me, weed near me, cannabis delivery service Idaho, marijuana delivery service Idaho, weed delivery service Idaho, secure cannabis delivery Idaho, anonymous cannabis delivery Idaho, affordable cannabis Idaho, premium cannabis Idaho, legal cannabis Idaho.<\/p>\n","protected":false},"excerpt":{"rendered":"<p>cannabis Idaho, marijuana Idaho, Idaho dispensaries, cannabis dispensaries Idaho, buy cannabis Idaho, marijuana dispensaries Idaho, cannabis shops Idaho, Idaho weed, cannabis delivery Idaho, marijuana delivery Idaho, weed delivery Idaho, Idaho marijuana, cannabis near me Idaho, weed shops Idaho, dispensaries near <a class=\"more-link\" href=\"https:\/\/buyweedidaho.com\/index.php\/metatags2\/\">Continue reading <span class=\"screen-reader-text\">  metatags2<\/span><span class=\"meta-nav\">&rarr;<\/span><\/a><\/p>\n","protected":false},"author":1,"featured_media":0,"parent":0,"menu_order":0,"comment_status":"closed","ping_status":"closed","template":"","meta":{"footnotes":""},"class_list":["post-35","page","type-page","status-publish","hentry"],"yoast_head":"<!-- This site is optimized with the Yoast SEO plugin v27.3 - https:\/\/yoast.com\/product\/yoast-seo-wordpress\/ -->\n<title>metatags2 - Buy Marijuana in Idaho at the Best Prices | Fast USPS Shipping Available - Bitcoin accepted ! - Top prices, service. - +527225688106 &ndash; Text &amp; whatsapp - 420 Idaho - sdgreen6190@gmail.com &ndash; Fully Anonymous &ndash; Bitcoin Accepted<\/title>\n<meta name=\"robots\" content=\"index, follow, max-snippet:-1, max-image-preview:large, max-video-preview:-1\" \/>\n<link rel=\"canonical\" href=\"https:\/\/buyweedidaho.com\/index.php\/metatags2\/\" \/>\n<meta property=\"og:locale\" content=\"en_US\" \/>\n<meta property=\"og:type\" content=\"article\" \/>\n<meta property=\"og:title\" content=\"metatags2 - Buy Marijuana in Idaho at the Best Prices | Fast USPS Shipping Available - Bitcoin accepted ! - Top prices, service. - +527225688106 &ndash; Text &amp; whatsapp - 420 Idaho - sdgreen6190@gmail.com &ndash; Fully Anonymous &ndash; Bitcoin Accepted\" \/>\n<meta property=\"og:description\" content=\"cannabis Idaho, marijuana Idaho, Idaho dispensaries, cannabis dispensaries Idaho, buy cannabis Idaho, marijuana dispensaries Idaho, cannabis shops Idaho, Idaho weed, cannabis delivery Idaho, marijuana delivery Idaho, weed delivery Idaho, Idaho marijuana, cannabis near me Idaho, weed shops Idaho, dispensaries near Continue reading  metatags2&rarr;\" \/>\n<meta property=\"og:url\" content=\"https:\/\/buyweedidaho.com\/index.php\/metatags2\/\" \/>\n<meta property=\"og:site_name\" content=\"Buy Marijuana in Idaho at the Best Prices | Fast USPS Shipping Available - Bitcoin accepted ! - Top prices, service. - +527225688106 &ndash; Text &amp; whatsapp - 420 Idaho - sdgreen6190@gmail.com &ndash; Fully Anonymous &ndash; Bitcoin Accepted\" \/>\n<meta name=\"twitter:card\" content=\"summary_large_image\" \/>\n<meta name=\"twitter:label1\" content=\"Est. reading time\" \/>\n\t<meta name=\"twitter:data1\" content=\"3 minutes\" \/>\n<script type=\"application\/ld+json\" class=\"yoast-schema-graph\">{\"@context\":\"https:\\\/\\\/schema.org\",\"@graph\":[{\"@type\":\"WebPage\",\"@id\":\"https:\\\/\\\/buyweedidaho.com\\\/index.php\\\/metatags2\\\/\",\"url\":\"https:\\\/\\\/buyweedidaho.com\\\/index.php\\\/metatags2\\\/\",\"name\":\"metatags2 - Buy Marijuana in Idaho at the Best Prices | Fast USPS Shipping Available - Bitcoin accepted ! - Top prices, service. - +527225688106 &ndash; Text &amp; whatsapp - 420 Idaho - sdgreen6190@gmail.com &ndash; Fully Anonymous &ndash; Bitcoin Accepted\",\"isPartOf\":{\"@id\":\"https:\\\/\\\/buyweedidaho.com\\\/#website\"},\"datePublished\":\"2024-08-10T16:52:20+00:00\",\"breadcrumb\":{\"@id\":\"https:\\\/\\\/buyweedidaho.com\\\/index.php\\\/metatags2\\\/#breadcrumb\"},\"inLanguage\":\"en-US\",\"potentialAction\":[{\"@type\":\"ReadAction\",\"target\":[\"https:\\\/\\\/buyweedidaho.com\\\/index.php\\\/metatags2\\\/\"]}]},{\"@type\":\"BreadcrumbList\",\"@id\":\"https:\\\/\\\/buyweedidaho.com\\\/index.php\\\/metatags2\\\/#breadcrumb\",\"itemListElement\":[{\"@type\":\"ListItem\",\"position\":1,\"name\":\"Home\",\"item\":\"https:\\\/\\\/buyweedidaho.com\\\/\"},{\"@type\":\"ListItem\",\"position\":2,\"name\":\"metatags2\"}]},{\"@type\":\"WebSite\",\"@id\":\"https:\\\/\\\/buyweedidaho.com\\\/#website\",\"url\":\"https:\\\/\\\/buyweedidaho.com\\\/\",\"name\":\"Buy Marijuana in Idaho at the Best Prices | Fast USPS Shipping Available - Bitcoin accepted ! - Top prices, service. - +527225688106 &ndash; Text &amp; whatsapp - 420 Idaho - sdgreen6190@gmail.com &ndash; Fully Anonymous &ndash; Bitcoin Accepted\",\"description\":\"*cannabis Idaho, marijuana Idaho, buy cannabis Idaho, cannabis delivery Idaho, cannabis dispensaries Idaho, Idaho marijuana, marijuana delivery Idaho, cannabis near me Idaho, weed Idaho, cannabis for sale Idaho, marijuana for sale Idaho, buy weed Idaho, cannabis shops Idaho, marijuana shops Idaho, cannabis in Idaho, Idaho cannabis delivery, where to buy cannabis Idaho, best cannabis Idaho, cannabis prices Idaho, weed delivery Idaho, buy marijuana Idaho, Idaho weed, legal cannabis Idaho, marijuana near me Idaho, cannabis deals Idaho, cannabis online Idaho, marijuana deals Idaho, cannabis strains Idaho, best weed Idaho, marijuana strains Idaho, cannabis products Idaho, weed products Idaho, marijuana products Idaho, cannabis shop near me Idaho, cannabis dispensary near me Idaho, marijuana dispensary near me Idaho, weed shop Idaho, cannabis shop Idaho, buy marijuana online Idaho, cannabis offers Idaho, marijuana offers Idaho, weed offers Idaho, cannabis retailers Idaho, marijuana retailers Idaho, cannabis specials Idaho, marijuana specials Idaho, weed specials Idaho, Idaho cannabis specials, cannabis prices, marijuana prices, weed prices Idaho, cannabis delivery service Idaho, marijuana delivery service Idaho, weed delivery service Idaho, cannabis retailers near me Idaho, marijuana retailers near me Idaho, weed retailers near me Idaho, cannabis stores Idaho, marijuana stores Idaho, weed stores Idaho, cannabis for sale, marijuana for sale, weed for sale Idaho, buy cannabis online Idaho, buy marijuana online, Idaho cannabis retailers, Idaho marijuana retailers, Idaho weed retailers, cannabis in Boise, marijuana in Boise, buy cannabis Boise, cannabis delivery Boise, weed Boise, cannabis shops Boise, marijuana shops Boise, buy weed Boise, cannabis near me Boise, weed delivery Boise, buy marijuana Boise, cannabis stores Boise, marijuana stores Boise, weed stores Boise, cannabis products Boise, marijuana products Boise, weed products Boise, cannabis dispensary Boise, marijuana dispensary Boise, cannabis near me Boise, weed near me Boise, marijuana near me Boise, cannabis specials Boise, marijuana specials Boise, weed specials Boise, cannabis deals Boise, marijuana deals Boise, weed deals Boise, cannabis offers Boise, marijuana offers Boise, weed offers Boise, cannabis strains Boise, marijuana strains Boise, weed strains Boise, cannabis prices Boise, marijuana prices Boise, weed prices Boise, cannabis delivery Boise, marijuana delivery Boise, weed delivery Boise, cannabis retailers Boise, marijuana retailers Boise, weed retailers Boise, cannabis shop near me Boise, marijuana shop near me Boise, weed shop near me Boise, Idaho cannabis shops, Idaho marijuana shops, Idaho weed shops, buy weed online Idaho, buy cannabis online, cannabis delivery in Idaho, marijuana delivery in Idaho, weed delivery in Idaho, Idaho cannabis strains, Idaho marijuana strains, Idaho weed strains, cannabis in Idaho Falls, marijuana in Idaho Falls, buy cannabis Idaho Falls, cannabis delivery Idaho Falls, weed Idaho Falls, cannabis shops Idaho Falls, marijuana shops Idaho Falls, buy weed Idaho Falls, cannabis near me Idaho Falls, weed delivery Idaho Falls, buy marijuana Idaho Falls, cannabis stores Idaho Falls, marijuana stores Idaho Falls, weed stores Idaho Falls, cannabis products Idaho Falls, marijuana products Idaho Falls, weed products Idaho Falls, cannabis dispensary Idaho Falls, marijuana dispensary Idaho Falls, cannabis near me Idaho Falls, weed near me Idaho Falls, marijuana near me Idaho Falls, cannabis specials Idaho Falls, marijuana specials Idaho Falls, weed specials Idaho Falls, cannabis deals Idaho Falls, marijuana deals Idaho Falls, weed deals Idaho Falls, cannabis offers Idaho Falls, marijuana offers Idaho Falls, weed offers Idaho Falls, cannabis strains Idaho Falls, marijuana strains Idaho Falls, weed strains Idaho Falls, cannabis prices Idaho Falls, marijuana prices Idaho Falls, weed prices Idaho Falls, cannabis delivery Idaho Falls, marijuana delivery Idaho Falls, weed delivery Idaho Falls, cannabis retailers Idaho Falls, marijuana retailers Idaho Falls, weed retailers Idaho Falls, cannabis shop near me Idaho Falls, marijuana shop near me Idaho Falls, weed shop near me Idaho Falls.  Espero que esta lista te sea \u00fatil para optimizar tu sitio web en t\u00e9rminos de b\u00fasqueda de cannabis en Idaho.   generame 500 palabras en ingles separadas por coma, metatags mas buscadas en idaho referente al cannabis y los dispensarios  ChatGPT Claro, aqu\u00ed tienes una lista de 500 palabras clave en ingl\u00e9s, separadas por comas, relacionadas con cannabis y dispensarios en Idaho. Estas palabras est\u00e1n optimizadas para mejorar la visibilidad en los motores de b\u00fasqueda:  **\",\"publisher\":{\"@id\":\"https:\\\/\\\/buyweedidaho.com\\\/#organization\"},\"potentialAction\":[{\"@type\":\"SearchAction\",\"target\":{\"@type\":\"EntryPoint\",\"urlTemplate\":\"https:\\\/\\\/buyweedidaho.com\\\/?s={search_term_string}\"},\"query-input\":{\"@type\":\"PropertyValueSpecification\",\"valueRequired\":true,\"valueName\":\"search_term_string\"}}],\"inLanguage\":\"en-US\"},{\"@type\":\"Organization\",\"@id\":\"https:\\\/\\\/buyweedidaho.com\\\/#organization\",\"name\":\"Buy Marijuana in Idaho at the Best Prices | Fast USPS Shipping Available - Bitcoin accepted ! - Top prices, service. - +527225688106 &ndash; Text &amp; whatsapp - 420 Idaho - sdgreen6190@gmail.com &ndash; Fully Anonymous &ndash; Bitcoin Accepted\",\"url\":\"https:\\\/\\\/buyweedidaho.com\\\/\",\"logo\":{\"@type\":\"ImageObject\",\"inLanguage\":\"en-US\",\"@id\":\"https:\\\/\\\/buyweedidaho.com\\\/#\\\/schema\\\/logo\\\/image\\\/\",\"url\":\"https:\\\/\\\/buyweedidaho.com\\\/wp-content\\\/uploads\\\/2024\\\/08\\\/cropped-idaho1.jpg\",\"contentUrl\":\"https:\\\/\\\/buyweedidaho.com\\\/wp-content\\\/uploads\\\/2024\\\/08\\\/cropped-idaho1.jpg\",\"width\":1079,\"height\":451,\"caption\":\"Buy Marijuana in Idaho at the Best Prices | Fast USPS Shipping Available - Bitcoin accepted ! - Top prices, service. - +527225688106 &ndash; Text &amp; whatsapp - 420 Idaho - sdgreen6190@gmail.com &ndash; Fully Anonymous &ndash; Bitcoin Accepted\"},\"image\":{\"@id\":\"https:\\\/\\\/buyweedidaho.com\\\/#\\\/schema\\\/logo\\\/image\\\/\"}}]}<\/script>\n<!-- \/ Yoast SEO plugin. -->","yoast_head_json":{"title":"metatags2 - Buy Marijuana in Idaho at the Best Prices | Fast USPS Shipping Available - Bitcoin accepted ! - Top prices, service. - +527225688106 &ndash; Text &amp; whatsapp - 420 Idaho - sdgreen6190@gmail.com &ndash; Fully Anonymous &ndash; Bitcoin Accepted","robots":{"index":"index","follow":"follow","max-snippet":"max-snippet:-1","max-image-preview":"max-image-preview:large","max-video-preview":"max-video-preview:-1"},"canonical":"https:\/\/buyweedidaho.com\/index.php\/metatags2\/","og_locale":"en_US","og_type":"article","og_title":"metatags2 - Buy Marijuana in Idaho at the Best Prices | Fast USPS Shipping Available - Bitcoin accepted ! - Top prices, service. - +527225688106 &ndash; Text &amp; whatsapp - 420 Idaho - sdgreen6190@gmail.com &ndash; Fully Anonymous &ndash; Bitcoin Accepted","og_description":"cannabis Idaho, marijuana Idaho, Idaho dispensaries, cannabis dispensaries Idaho, buy cannabis Idaho, marijuana dispensaries Idaho, cannabis shops Idaho, Idaho weed, cannabis delivery Idaho, marijuana delivery Idaho, weed delivery Idaho, Idaho marijuana, cannabis near me Idaho, weed shops Idaho, dispensaries near Continue reading  metatags2&rarr;","og_url":"https:\/\/buyweedidaho.com\/index.php\/metatags2\/","og_site_name":"Buy Marijuana in Idaho at the Best Prices | Fast USPS Shipping Available - Bitcoin accepted ! - Top prices, service. - +527225688106 &ndash; Text &amp; whatsapp - 420 Idaho - sdgreen6190@gmail.com &ndash; Fully Anonymous &ndash; Bitcoin Accepted","twitter_card":"summary_large_image","twitter_misc":{"Est. reading time":"3 minutes"},"schema":{"@context":"https:\/\/schema.org","@graph":[{"@type":"WebPage","@id":"https:\/\/buyweedidaho.com\/index.php\/metatags2\/","url":"https:\/\/buyweedidaho.com\/index.php\/metatags2\/","name":"metatags2 - Buy Marijuana in Idaho at the Best Prices | Fast USPS Shipping Available - Bitcoin accepted ! - Top prices, service. - +527225688106 &ndash; Text &amp; whatsapp - 420 Idaho - sdgreen6190@gmail.com &ndash; Fully Anonymous &ndash; Bitcoin Accepted","isPartOf":{"@id":"https:\/\/buyweedidaho.com\/#website"},"datePublished":"2024-08-10T16:52:20+00:00","breadcrumb":{"@id":"https:\/\/buyweedidaho.com\/index.php\/metatags2\/#breadcrumb"},"inLanguage":"en-US","potentialAction":[{"@type":"ReadAction","target":["https:\/\/buyweedidaho.com\/index.php\/metatags2\/"]}]},{"@type":"BreadcrumbList","@id":"https:\/\/buyweedidaho.com\/index.php\/metatags2\/#breadcrumb","itemListElement":[{"@type":"ListItem","position":1,"name":"Home","item":"https:\/\/buyweedidaho.com\/"},{"@type":"ListItem","position":2,"name":"metatags2"}]},{"@type":"WebSite","@id":"https:\/\/buyweedidaho.com\/#website","url":"https:\/\/buyweedidaho.com\/","name":"Buy Marijuana in Idaho at the Best Prices | Fast USPS Shipping Available - Bitcoin accepted ! - Top prices, service. - +527225688106 &ndash; Text &amp; whatsapp - 420 Idaho - sdgreen6190@gmail.com &ndash; Fully Anonymous &ndash; Bitcoin Accepted","description":"*cannabis Idaho, marijuana Idaho, buy cannabis Idaho, cannabis delivery Idaho, cannabis dispensaries Idaho, Idaho marijuana, marijuana delivery Idaho, cannabis near me Idaho, weed Idaho, cannabis for sale Idaho, marijuana for sale Idaho, buy weed Idaho, cannabis shops Idaho, marijuana shops Idaho, cannabis in Idaho, Idaho cannabis delivery, where to buy cannabis Idaho, best cannabis Idaho, cannabis prices Idaho, weed delivery Idaho, buy marijuana Idaho, Idaho weed, legal cannabis Idaho, marijuana near me Idaho, cannabis deals Idaho, cannabis online Idaho, marijuana deals Idaho, cannabis strains Idaho, best weed Idaho, marijuana strains Idaho, cannabis products Idaho, weed products Idaho, marijuana products Idaho, cannabis shop near me Idaho, cannabis dispensary near me Idaho, marijuana dispensary near me Idaho, weed shop Idaho, cannabis shop Idaho, buy marijuana online Idaho, cannabis offers Idaho, marijuana offers Idaho, weed offers Idaho, cannabis retailers Idaho, marijuana retailers Idaho, cannabis specials Idaho, marijuana specials Idaho, weed specials Idaho, Idaho cannabis specials, cannabis prices, marijuana prices, weed prices Idaho, cannabis delivery service Idaho, marijuana delivery service Idaho, weed delivery service Idaho, cannabis retailers near me Idaho, marijuana retailers near me Idaho, weed retailers near me Idaho, cannabis stores Idaho, marijuana stores Idaho, weed stores Idaho, cannabis for sale, marijuana for sale, weed for sale Idaho, buy cannabis online Idaho, buy marijuana online, Idaho cannabis retailers, Idaho marijuana retailers, Idaho weed retailers, cannabis in Boise, marijuana in Boise, buy cannabis Boise, cannabis delivery Boise, weed Boise, cannabis shops Boise, marijuana shops Boise, buy weed Boise, cannabis near me Boise, weed delivery Boise, buy marijuana Boise, cannabis stores Boise, marijuana stores Boise, weed stores Boise, cannabis products Boise, marijuana products Boise, weed products Boise, cannabis dispensary Boise, marijuana dispensary Boise, cannabis near me Boise, weed near me Boise, marijuana near me Boise, cannabis specials Boise, marijuana specials Boise, weed specials Boise, cannabis deals Boise, marijuana deals Boise, weed deals Boise, cannabis offers Boise, marijuana offers Boise, weed offers Boise, cannabis strains Boise, marijuana strains Boise, weed strains Boise, cannabis prices Boise, marijuana prices Boise, weed prices Boise, cannabis delivery Boise, marijuana delivery Boise, weed delivery Boise, cannabis retailers Boise, marijuana retailers Boise, weed retailers Boise, cannabis shop near me Boise, marijuana shop near me Boise, weed shop near me Boise, Idaho cannabis shops, Idaho marijuana shops, Idaho weed shops, buy weed online Idaho, buy cannabis online, cannabis delivery in Idaho, marijuana delivery in Idaho, weed delivery in Idaho, Idaho cannabis strains, Idaho marijuana strains, Idaho weed strains, cannabis in Idaho Falls, marijuana in Idaho Falls, buy cannabis Idaho Falls, cannabis delivery Idaho Falls, weed Idaho Falls, cannabis shops Idaho Falls, marijuana shops Idaho Falls, buy weed Idaho Falls, cannabis near me Idaho Falls, weed delivery Idaho Falls, buy marijuana Idaho Falls, cannabis stores Idaho Falls, marijuana stores Idaho Falls, weed stores Idaho Falls, cannabis products Idaho Falls, marijuana products Idaho Falls, weed products Idaho Falls, cannabis dispensary Idaho Falls, marijuana dispensary Idaho Falls, cannabis near me Idaho Falls, weed near me Idaho Falls, marijuana near me Idaho Falls, cannabis specials Idaho Falls, marijuana specials Idaho Falls, weed specials Idaho Falls, cannabis deals Idaho Falls, marijuana deals Idaho Falls, weed deals Idaho Falls, cannabis offers Idaho Falls, marijuana offers Idaho Falls, weed offers Idaho Falls, cannabis strains Idaho Falls, marijuana strains Idaho Falls, weed strains Idaho Falls, cannabis prices Idaho Falls, marijuana prices Idaho Falls, weed prices Idaho Falls, cannabis delivery Idaho Falls, marijuana delivery Idaho Falls, weed delivery Idaho Falls, cannabis retailers Idaho Falls, marijuana retailers Idaho Falls, weed retailers Idaho Falls, cannabis shop near me Idaho Falls, marijuana shop near me Idaho Falls, weed shop near me Idaho Falls.  Espero que esta lista te sea \u00fatil para optimizar tu sitio web en t\u00e9rminos de b\u00fasqueda de cannabis en Idaho.   generame 500 palabras en ingles separadas por coma, metatags mas buscadas en idaho referente al cannabis y los dispensarios  ChatGPT Claro, aqu\u00ed tienes una lista de 500 palabras clave en ingl\u00e9s, separadas por comas, relacionadas con cannabis y dispensarios en Idaho. Estas palabras est\u00e1n optimizadas para mejorar la visibilidad en los motores de b\u00fasqueda:  **","publisher":{"@id":"https:\/\/buyweedidaho.com\/#organization"},"potentialAction":[{"@type":"SearchAction","target":{"@type":"EntryPoint","urlTemplate":"https:\/\/buyweedidaho.com\/?s={search_term_string}"},"query-input":{"@type":"PropertyValueSpecification","valueRequired":true,"valueName":"search_term_string"}}],"inLanguage":"en-US"},{"@type":"Organization","@id":"https:\/\/buyweedidaho.com\/#organization","name":"Buy Marijuana in Idaho at the Best Prices | Fast USPS Shipping Available - Bitcoin accepted ! - Top prices, service. - +527225688106 &ndash; Text &amp; whatsapp - 420 Idaho - sdgreen6190@gmail.com &ndash; Fully Anonymous &ndash; Bitcoin Accepted","url":"https:\/\/buyweedidaho.com\/","logo":{"@type":"ImageObject","inLanguage":"en-US","@id":"https:\/\/buyweedidaho.com\/#\/schema\/logo\/image\/","url":"https:\/\/buyweedidaho.com\/wp-content\/uploads\/2024\/08\/cropped-idaho1.jpg","contentUrl":"https:\/\/buyweedidaho.com\/wp-content\/uploads\/2024\/08\/cropped-idaho1.jpg","width":1079,"height":451,"caption":"Buy Marijuana in Idaho at the Best Prices | Fast USPS Shipping Available - Bitcoin accepted ! - Top prices, service. - +527225688106 &ndash; Text &amp; whatsapp - 420 Idaho - sdgreen6190@gmail.com &ndash; Fully Anonymous &ndash; Bitcoin Accepted"},"image":{"@id":"https:\/\/buyweedidaho.com\/#\/schema\/logo\/image\/"}}]}},"_links":{"self":[{"href":"https:\/\/buyweedidaho.com\/index.php\/wp-json\/wp\/v2\/pages\/35","targetHints":{"allow":["GET"]}}],"collection":[{"href":"https:\/\/buyweedidaho.com\/index.php\/wp-json\/wp\/v2\/pages"}],"about":[{"href":"https:\/\/buyweedidaho.com\/index.php\/wp-json\/wp\/v2\/types\/page"}],"author":[{"embeddable":true,"href":"https:\/\/buyweedidaho.com\/index.php\/wp-json\/wp\/v2\/users\/1"}],"replies":[{"embeddable":true,"href":"https:\/\/buyweedidaho.com\/index.php\/wp-json\/wp\/v2\/comments?post=35"}],"version-history":[{"count":0,"href":"https:\/\/buyweedidaho.com\/index.php\/wp-json\/wp\/v2\/pages\/35\/revisions"}],"wp:attachment":[{"href":"https:\/\/buyweedidaho.com\/index.php\/wp-json\/wp\/v2\/media?parent=35"}],"curies":[{"name":"wp","href":"https:\/\/api.w.org\/{rel}","templated":true}]}}