{"id":39,"date":"2024-08-10T16:53:46","date_gmt":"2024-08-10T16:53:46","guid":{"rendered":"https:\/\/buyweedidaho.com\/?page_id=39"},"modified":"2024-08-10T16:53:46","modified_gmt":"2024-08-10T16:53:46","slug":"metatags4","status":"publish","type":"page","link":"https:\/\/buyweedidaho.com\/index.php\/metatags4\/","title":{"rendered":"metatags4"},"content":{"rendered":"<p>buy furniture Idaho, buy electronics Idaho, buy appliances Idaho, buy home goods Idaho, buy clothing Idaho, buy shoes Idaho, buy jewelry Idaho, buy groceries Idaho, buy outdoor gear Idaho, buy sports equipment Idaho, buy tools Idaho, buy auto parts Idaho, buy baby products Idaho, buy pet supplies Idaho, buy office supplies Idaho, buy kitchenware Idaho, buy bedding Idaho, buy home decor Idaho, buy books Idaho, buy gifts Idaho, buy health products Idaho, buy beauty products Idaho, buy personal care products Idaho, buy cleaning supplies Idaho, buy garden supplies Idaho, buy plants Idaho, buy BBQ equipment Idaho, buy camping gear Idaho, buy fishing gear Idaho, buy hiking gear Idaho, buy winter gear Idaho, buy summer gear Idaho, buy bike accessories Idaho, buy gym equipment Idaho, buy fitness apparel Idaho, buy electronics accessories Idaho, buy smart home devices Idaho, buy car accessories Idaho, buy furniture online Idaho, buy electronics online Idaho, buy appliances online Idaho, buy clothing online Idaho, buy shoes online Idaho, buy jewelry online Idaho, buy groceries online Idaho, buy outdoor gear online Idaho, buy sports equipment online Idaho, buy tools online Idaho, buy auto parts online Idaho, buy baby products online Idaho, buy pet supplies online Idaho, buy office supplies online Idaho, buy kitchenware online Idaho, buy bedding online Idaho, buy home decor online Idaho, buy books online Idaho, buy gifts online Idaho, buy health products online Idaho, buy beauty products online Idaho, buy personal care products online Idaho, buy cleaning supplies online Idaho, buy garden supplies online Idaho, buy plants online Idaho, buy BBQ equipment online Idaho, buy camping gear online Idaho, buy fishing gear online Idaho, buy hiking gear online Idaho, buy winter gear online Idaho, buy summer gear online Idaho, buy bike accessories online Idaho, buy gym equipment online Idaho, buy fitness apparel online Idaho, buy electronics accessories online Idaho, buy smart home devices online Idaho, best places to buy electronics Idaho, best places to buy furniture Idaho, best places to buy clothing Idaho, best places to buy groceries Idaho, best places to buy outdoor gear Idaho, best places to buy sports equipment Idaho, best places to buy auto parts Idaho, best places to buy baby products Idaho, best places to buy pet supplies Idaho, best places to buy office supplies Idaho, best places to buy kitchenware Idaho, best places to buy bedding Idaho, best places to buy home decor Idaho, best places to buy books Idaho, best places to buy gifts Idaho, best places to buy health products Idaho, best places to buy beauty products Idaho, best places to buy personal care products Idaho, best places to buy cleaning supplies Idaho, best places to buy garden supplies Idaho, best places to buy plants Idaho, best places to buy BBQ equipment Idaho, best places to buy camping gear Idaho, best places to buy fishing gear Idaho, best places to buy hiking gear Idaho, best places to buy winter gear Idaho, best places to buy summer gear Idaho, best places to buy bike accessories Idaho, best places to buy gym equipment Idaho, best places to buy fitness apparel Idaho, best places to buy smart home devices Idaho.<\/p>\n","protected":false},"excerpt":{"rendered":"<p>buy furniture Idaho, buy electronics Idaho, buy appliances Idaho, buy home goods Idaho, buy clothing Idaho, buy shoes Idaho, buy jewelry Idaho, buy groceries Idaho, buy outdoor gear Idaho, buy sports equipment Idaho, buy tools Idaho, buy auto parts Idaho, <a class=\"more-link\" href=\"https:\/\/buyweedidaho.com\/index.php\/metatags4\/\">Continue reading <span class=\"screen-reader-text\">  metatags4<\/span><span class=\"meta-nav\">&rarr;<\/span><\/a><\/p>\n","protected":false},"author":1,"featured_media":0,"parent":0,"menu_order":0,"comment_status":"closed","ping_status":"closed","template":"","meta":{"footnotes":""},"class_list":["post-39","page","type-page","status-publish","hentry"],"yoast_head":"<!-- This site is optimized with the Yoast SEO plugin v27.4 - https:\/\/yoast.com\/product\/yoast-seo-wordpress\/ -->\n<title>metatags4 - Buy Marijuana in Idaho at the Best Prices | Fast USPS Shipping Available - Bitcoin accepted ! - Top prices, service. - +527225688106 &ndash; Text &amp; whatsapp - 420 Idaho - sdgreen6190@gmail.com &ndash; Fully Anonymous &ndash; Bitcoin Accepted<\/title>\n<meta name=\"robots\" content=\"index, follow, max-snippet:-1, max-image-preview:large, max-video-preview:-1\" \/>\n<link rel=\"canonical\" href=\"https:\/\/buyweedidaho.com\/index.php\/metatags4\/\" \/>\n<meta property=\"og:locale\" content=\"en_US\" \/>\n<meta property=\"og:type\" content=\"article\" \/>\n<meta property=\"og:title\" content=\"metatags4 - Buy Marijuana in Idaho at the Best Prices | Fast USPS Shipping Available - Bitcoin accepted ! - Top prices, service. - +527225688106 &ndash; Text &amp; whatsapp - 420 Idaho - sdgreen6190@gmail.com &ndash; Fully Anonymous &ndash; Bitcoin Accepted\" \/>\n<meta property=\"og:description\" content=\"buy furniture Idaho, buy electronics Idaho, buy appliances Idaho, buy home goods Idaho, buy clothing Idaho, buy shoes Idaho, buy jewelry Idaho, buy groceries Idaho, buy outdoor gear Idaho, buy sports equipment Idaho, buy tools Idaho, buy auto parts Idaho, Continue reading  metatags4&rarr;\" \/>\n<meta property=\"og:url\" content=\"https:\/\/buyweedidaho.com\/index.php\/metatags4\/\" \/>\n<meta property=\"og:site_name\" content=\"Buy Marijuana in Idaho at the Best Prices | Fast USPS Shipping Available - Bitcoin accepted ! - Top prices, service. - +527225688106 &ndash; Text &amp; whatsapp - 420 Idaho - sdgreen6190@gmail.com &ndash; Fully Anonymous &ndash; Bitcoin Accepted\" \/>\n<meta name=\"twitter:card\" content=\"summary_large_image\" \/>\n<script type=\"application\/ld+json\" class=\"yoast-schema-graph\">{\"@context\":\"https:\\\/\\\/schema.org\",\"@graph\":[{\"@type\":\"WebPage\",\"@id\":\"https:\\\/\\\/buyweedidaho.com\\\/index.php\\\/metatags4\\\/\",\"url\":\"https:\\\/\\\/buyweedidaho.com\\\/index.php\\\/metatags4\\\/\",\"name\":\"metatags4 - Buy Marijuana in Idaho at the Best Prices | Fast USPS Shipping Available - Bitcoin accepted ! - Top prices, service. - +527225688106 &ndash; Text &amp; whatsapp - 420 Idaho - sdgreen6190@gmail.com &ndash; Fully Anonymous &ndash; Bitcoin Accepted\",\"isPartOf\":{\"@id\":\"https:\\\/\\\/buyweedidaho.com\\\/#website\"},\"datePublished\":\"2024-08-10T16:53:46+00:00\",\"breadcrumb\":{\"@id\":\"https:\\\/\\\/buyweedidaho.com\\\/index.php\\\/metatags4\\\/#breadcrumb\"},\"inLanguage\":\"en-US\",\"potentialAction\":[{\"@type\":\"ReadAction\",\"target\":[\"https:\\\/\\\/buyweedidaho.com\\\/index.php\\\/metatags4\\\/\"]}]},{\"@type\":\"BreadcrumbList\",\"@id\":\"https:\\\/\\\/buyweedidaho.com\\\/index.php\\\/metatags4\\\/#breadcrumb\",\"itemListElement\":[{\"@type\":\"ListItem\",\"position\":1,\"name\":\"Home\",\"item\":\"https:\\\/\\\/buyweedidaho.com\\\/\"},{\"@type\":\"ListItem\",\"position\":2,\"name\":\"metatags4\"}]},{\"@type\":\"WebSite\",\"@id\":\"https:\\\/\\\/buyweedidaho.com\\\/#website\",\"url\":\"https:\\\/\\\/buyweedidaho.com\\\/\",\"name\":\"Buy Marijuana in Idaho at the Best Prices | Fast USPS Shipping Available - Bitcoin accepted ! - Top prices, service. - +527225688106 &ndash; Text &amp; whatsapp - 420 Idaho - sdgreen6190@gmail.com &ndash; Fully Anonymous &ndash; Bitcoin Accepted\",\"description\":\"*cannabis Idaho, marijuana Idaho, buy cannabis Idaho, cannabis delivery Idaho, cannabis dispensaries Idaho, Idaho marijuana, marijuana delivery Idaho, cannabis near me Idaho, weed Idaho, cannabis for sale Idaho, marijuana for sale Idaho, buy weed Idaho, cannabis shops Idaho, marijuana shops Idaho, cannabis in Idaho, Idaho cannabis delivery, where to buy cannabis Idaho, best cannabis Idaho, cannabis prices Idaho, weed delivery Idaho, buy marijuana Idaho, Idaho weed, legal cannabis Idaho, marijuana near me Idaho, cannabis deals Idaho, cannabis online Idaho, marijuana deals Idaho, cannabis strains Idaho, best weed Idaho, marijuana strains Idaho, cannabis products Idaho, weed products Idaho, marijuana products Idaho, cannabis shop near me Idaho, cannabis dispensary near me Idaho, marijuana dispensary near me Idaho, weed shop Idaho, cannabis shop Idaho, buy marijuana online Idaho, cannabis offers Idaho, marijuana offers Idaho, weed offers Idaho, cannabis retailers Idaho, marijuana retailers Idaho, cannabis specials Idaho, marijuana specials Idaho, weed specials Idaho, Idaho cannabis specials, cannabis prices, marijuana prices, weed prices Idaho, cannabis delivery service Idaho, marijuana delivery service Idaho, weed delivery service Idaho, cannabis retailers near me Idaho, marijuana retailers near me Idaho, weed retailers near me Idaho, cannabis stores Idaho, marijuana stores Idaho, weed stores Idaho, cannabis for sale, marijuana for sale, weed for sale Idaho, buy cannabis online Idaho, buy marijuana online, Idaho cannabis retailers, Idaho marijuana retailers, Idaho weed retailers, cannabis in Boise, marijuana in Boise, buy cannabis Boise, cannabis delivery Boise, weed Boise, cannabis shops Boise, marijuana shops Boise, buy weed Boise, cannabis near me Boise, weed delivery Boise, buy marijuana Boise, cannabis stores Boise, marijuana stores Boise, weed stores Boise, cannabis products Boise, marijuana products Boise, weed products Boise, cannabis dispensary Boise, marijuana dispensary Boise, cannabis near me Boise, weed near me Boise, marijuana near me Boise, cannabis specials Boise, marijuana specials Boise, weed specials Boise, cannabis deals Boise, marijuana deals Boise, weed deals Boise, cannabis offers Boise, marijuana offers Boise, weed offers Boise, cannabis strains Boise, marijuana strains Boise, weed strains Boise, cannabis prices Boise, marijuana prices Boise, weed prices Boise, cannabis delivery Boise, marijuana delivery Boise, weed delivery Boise, cannabis retailers Boise, marijuana retailers Boise, weed retailers Boise, cannabis shop near me Boise, marijuana shop near me Boise, weed shop near me Boise, Idaho cannabis shops, Idaho marijuana shops, Idaho weed shops, buy weed online Idaho, buy cannabis online, cannabis delivery in Idaho, marijuana delivery in Idaho, weed delivery in Idaho, Idaho cannabis strains, Idaho marijuana strains, Idaho weed strains, cannabis in Idaho Falls, marijuana in Idaho Falls, buy cannabis Idaho Falls, cannabis delivery Idaho Falls, weed Idaho Falls, cannabis shops Idaho Falls, marijuana shops Idaho Falls, buy weed Idaho Falls, cannabis near me Idaho Falls, weed delivery Idaho Falls, buy marijuana Idaho Falls, cannabis stores Idaho Falls, marijuana stores Idaho Falls, weed stores Idaho Falls, cannabis products Idaho Falls, marijuana products Idaho Falls, weed products Idaho Falls, cannabis dispensary Idaho Falls, marijuana dispensary Idaho Falls, cannabis near me Idaho Falls, weed near me Idaho Falls, marijuana near me Idaho Falls, cannabis specials Idaho Falls, marijuana specials Idaho Falls, weed specials Idaho Falls, cannabis deals Idaho Falls, marijuana deals Idaho Falls, weed deals Idaho Falls, cannabis offers Idaho Falls, marijuana offers Idaho Falls, weed offers Idaho Falls, cannabis strains Idaho Falls, marijuana strains Idaho Falls, weed strains Idaho Falls, cannabis prices Idaho Falls, marijuana prices Idaho Falls, weed prices Idaho Falls, cannabis delivery Idaho Falls, marijuana delivery Idaho Falls, weed delivery Idaho Falls, cannabis retailers Idaho Falls, marijuana retailers Idaho Falls, weed retailers Idaho Falls, cannabis shop near me Idaho Falls, marijuana shop near me Idaho Falls, weed shop near me Idaho Falls.  Espero que esta lista te sea \u00fatil para optimizar tu sitio web en t\u00e9rminos de b\u00fasqueda de cannabis en Idaho.   generame 500 palabras en ingles separadas por coma, metatags mas buscadas en idaho referente al cannabis y los dispensarios  ChatGPT Claro, aqu\u00ed tienes una lista de 500 palabras clave en ingl\u00e9s, separadas por comas, relacionadas con cannabis y dispensarios en Idaho. Estas palabras est\u00e1n optimizadas para mejorar la visibilidad en los motores de b\u00fasqueda:  **\",\"publisher\":{\"@id\":\"https:\\\/\\\/buyweedidaho.com\\\/#organization\"},\"potentialAction\":[{\"@type\":\"SearchAction\",\"target\":{\"@type\":\"EntryPoint\",\"urlTemplate\":\"https:\\\/\\\/buyweedidaho.com\\\/?s={search_term_string}\"},\"query-input\":{\"@type\":\"PropertyValueSpecification\",\"valueRequired\":true,\"valueName\":\"search_term_string\"}}],\"inLanguage\":\"en-US\"},{\"@type\":\"Organization\",\"@id\":\"https:\\\/\\\/buyweedidaho.com\\\/#organization\",\"name\":\"Buy Marijuana in Idaho at the Best Prices | Fast USPS Shipping Available - Bitcoin accepted ! - Top prices, service. - +527225688106 &ndash; Text &amp; whatsapp - 420 Idaho - sdgreen6190@gmail.com &ndash; Fully Anonymous &ndash; Bitcoin Accepted\",\"url\":\"https:\\\/\\\/buyweedidaho.com\\\/\",\"logo\":{\"@type\":\"ImageObject\",\"inLanguage\":\"en-US\",\"@id\":\"https:\\\/\\\/buyweedidaho.com\\\/#\\\/schema\\\/logo\\\/image\\\/\",\"url\":\"https:\\\/\\\/buyweedidaho.com\\\/wp-content\\\/uploads\\\/2024\\\/08\\\/cropped-idaho1.jpg\",\"contentUrl\":\"https:\\\/\\\/buyweedidaho.com\\\/wp-content\\\/uploads\\\/2024\\\/08\\\/cropped-idaho1.jpg\",\"width\":1079,\"height\":451,\"caption\":\"Buy Marijuana in Idaho at the Best Prices | Fast USPS Shipping Available - Bitcoin accepted ! - Top prices, service. - +527225688106 &ndash; Text &amp; whatsapp - 420 Idaho - sdgreen6190@gmail.com &ndash; Fully Anonymous &ndash; Bitcoin Accepted\"},\"image\":{\"@id\":\"https:\\\/\\\/buyweedidaho.com\\\/#\\\/schema\\\/logo\\\/image\\\/\"}}]}<\/script>\n<!-- \/ Yoast SEO plugin. -->","yoast_head_json":{"title":"metatags4 - Buy Marijuana in Idaho at the Best Prices | Fast USPS Shipping Available - Bitcoin accepted ! - Top prices, service. - +527225688106 &ndash; Text &amp; whatsapp - 420 Idaho - sdgreen6190@gmail.com &ndash; Fully Anonymous &ndash; Bitcoin Accepted","robots":{"index":"index","follow":"follow","max-snippet":"max-snippet:-1","max-image-preview":"max-image-preview:large","max-video-preview":"max-video-preview:-1"},"canonical":"https:\/\/buyweedidaho.com\/index.php\/metatags4\/","og_locale":"en_US","og_type":"article","og_title":"metatags4 - Buy Marijuana in Idaho at the Best Prices | Fast USPS Shipping Available - Bitcoin accepted ! - Top prices, service. - +527225688106 &ndash; Text &amp; whatsapp - 420 Idaho - sdgreen6190@gmail.com &ndash; Fully Anonymous &ndash; Bitcoin Accepted","og_description":"buy furniture Idaho, buy electronics Idaho, buy appliances Idaho, buy home goods Idaho, buy clothing Idaho, buy shoes Idaho, buy jewelry Idaho, buy groceries Idaho, buy outdoor gear Idaho, buy sports equipment Idaho, buy tools Idaho, buy auto parts Idaho, Continue reading  metatags4&rarr;","og_url":"https:\/\/buyweedidaho.com\/index.php\/metatags4\/","og_site_name":"Buy Marijuana in Idaho at the Best Prices | Fast USPS Shipping Available - Bitcoin accepted ! - Top prices, service. - +527225688106 &ndash; Text &amp; whatsapp - 420 Idaho - sdgreen6190@gmail.com &ndash; Fully Anonymous &ndash; Bitcoin Accepted","twitter_card":"summary_large_image","schema":{"@context":"https:\/\/schema.org","@graph":[{"@type":"WebPage","@id":"https:\/\/buyweedidaho.com\/index.php\/metatags4\/","url":"https:\/\/buyweedidaho.com\/index.php\/metatags4\/","name":"metatags4 - Buy Marijuana in Idaho at the Best Prices | Fast USPS Shipping Available - Bitcoin accepted ! - Top prices, service. - +527225688106 &ndash; Text &amp; whatsapp - 420 Idaho - sdgreen6190@gmail.com &ndash; Fully Anonymous &ndash; Bitcoin Accepted","isPartOf":{"@id":"https:\/\/buyweedidaho.com\/#website"},"datePublished":"2024-08-10T16:53:46+00:00","breadcrumb":{"@id":"https:\/\/buyweedidaho.com\/index.php\/metatags4\/#breadcrumb"},"inLanguage":"en-US","potentialAction":[{"@type":"ReadAction","target":["https:\/\/buyweedidaho.com\/index.php\/metatags4\/"]}]},{"@type":"BreadcrumbList","@id":"https:\/\/buyweedidaho.com\/index.php\/metatags4\/#breadcrumb","itemListElement":[{"@type":"ListItem","position":1,"name":"Home","item":"https:\/\/buyweedidaho.com\/"},{"@type":"ListItem","position":2,"name":"metatags4"}]},{"@type":"WebSite","@id":"https:\/\/buyweedidaho.com\/#website","url":"https:\/\/buyweedidaho.com\/","name":"Buy Marijuana in Idaho at the Best Prices | Fast USPS Shipping Available - Bitcoin accepted ! - Top prices, service. - +527225688106 &ndash; Text &amp; whatsapp - 420 Idaho - sdgreen6190@gmail.com &ndash; Fully Anonymous &ndash; Bitcoin Accepted","description":"*cannabis Idaho, marijuana Idaho, buy cannabis Idaho, cannabis delivery Idaho, cannabis dispensaries Idaho, Idaho marijuana, marijuana delivery Idaho, cannabis near me Idaho, weed Idaho, cannabis for sale Idaho, marijuana for sale Idaho, buy weed Idaho, cannabis shops Idaho, marijuana shops Idaho, cannabis in Idaho, Idaho cannabis delivery, where to buy cannabis Idaho, best cannabis Idaho, cannabis prices Idaho, weed delivery Idaho, buy marijuana Idaho, Idaho weed, legal cannabis Idaho, marijuana near me Idaho, cannabis deals Idaho, cannabis online Idaho, marijuana deals Idaho, cannabis strains Idaho, best weed Idaho, marijuana strains Idaho, cannabis products Idaho, weed products Idaho, marijuana products Idaho, cannabis shop near me Idaho, cannabis dispensary near me Idaho, marijuana dispensary near me Idaho, weed shop Idaho, cannabis shop Idaho, buy marijuana online Idaho, cannabis offers Idaho, marijuana offers Idaho, weed offers Idaho, cannabis retailers Idaho, marijuana retailers Idaho, cannabis specials Idaho, marijuana specials Idaho, weed specials Idaho, Idaho cannabis specials, cannabis prices, marijuana prices, weed prices Idaho, cannabis delivery service Idaho, marijuana delivery service Idaho, weed delivery service Idaho, cannabis retailers near me Idaho, marijuana retailers near me Idaho, weed retailers near me Idaho, cannabis stores Idaho, marijuana stores Idaho, weed stores Idaho, cannabis for sale, marijuana for sale, weed for sale Idaho, buy cannabis online Idaho, buy marijuana online, Idaho cannabis retailers, Idaho marijuana retailers, Idaho weed retailers, cannabis in Boise, marijuana in Boise, buy cannabis Boise, cannabis delivery Boise, weed Boise, cannabis shops Boise, marijuana shops Boise, buy weed Boise, cannabis near me Boise, weed delivery Boise, buy marijuana Boise, cannabis stores Boise, marijuana stores Boise, weed stores Boise, cannabis products Boise, marijuana products Boise, weed products Boise, cannabis dispensary Boise, marijuana dispensary Boise, cannabis near me Boise, weed near me Boise, marijuana near me Boise, cannabis specials Boise, marijuana specials Boise, weed specials Boise, cannabis deals Boise, marijuana deals Boise, weed deals Boise, cannabis offers Boise, marijuana offers Boise, weed offers Boise, cannabis strains Boise, marijuana strains Boise, weed strains Boise, cannabis prices Boise, marijuana prices Boise, weed prices Boise, cannabis delivery Boise, marijuana delivery Boise, weed delivery Boise, cannabis retailers Boise, marijuana retailers Boise, weed retailers Boise, cannabis shop near me Boise, marijuana shop near me Boise, weed shop near me Boise, Idaho cannabis shops, Idaho marijuana shops, Idaho weed shops, buy weed online Idaho, buy cannabis online, cannabis delivery in Idaho, marijuana delivery in Idaho, weed delivery in Idaho, Idaho cannabis strains, Idaho marijuana strains, Idaho weed strains, cannabis in Idaho Falls, marijuana in Idaho Falls, buy cannabis Idaho Falls, cannabis delivery Idaho Falls, weed Idaho Falls, cannabis shops Idaho Falls, marijuana shops Idaho Falls, buy weed Idaho Falls, cannabis near me Idaho Falls, weed delivery Idaho Falls, buy marijuana Idaho Falls, cannabis stores Idaho Falls, marijuana stores Idaho Falls, weed stores Idaho Falls, cannabis products Idaho Falls, marijuana products Idaho Falls, weed products Idaho Falls, cannabis dispensary Idaho Falls, marijuana dispensary Idaho Falls, cannabis near me Idaho Falls, weed near me Idaho Falls, marijuana near me Idaho Falls, cannabis specials Idaho Falls, marijuana specials Idaho Falls, weed specials Idaho Falls, cannabis deals Idaho Falls, marijuana deals Idaho Falls, weed deals Idaho Falls, cannabis offers Idaho Falls, marijuana offers Idaho Falls, weed offers Idaho Falls, cannabis strains Idaho Falls, marijuana strains Idaho Falls, weed strains Idaho Falls, cannabis prices Idaho Falls, marijuana prices Idaho Falls, weed prices Idaho Falls, cannabis delivery Idaho Falls, marijuana delivery Idaho Falls, weed delivery Idaho Falls, cannabis retailers Idaho Falls, marijuana retailers Idaho Falls, weed retailers Idaho Falls, cannabis shop near me Idaho Falls, marijuana shop near me Idaho Falls, weed shop near me Idaho Falls.  Espero que esta lista te sea \u00fatil para optimizar tu sitio web en t\u00e9rminos de b\u00fasqueda de cannabis en Idaho.   generame 500 palabras en ingles separadas por coma, metatags mas buscadas en idaho referente al cannabis y los dispensarios  ChatGPT Claro, aqu\u00ed tienes una lista de 500 palabras clave en ingl\u00e9s, separadas por comas, relacionadas con cannabis y dispensarios en Idaho. Estas palabras est\u00e1n optimizadas para mejorar la visibilidad en los motores de b\u00fasqueda:  **","publisher":{"@id":"https:\/\/buyweedidaho.com\/#organization"},"potentialAction":[{"@type":"SearchAction","target":{"@type":"EntryPoint","urlTemplate":"https:\/\/buyweedidaho.com\/?s={search_term_string}"},"query-input":{"@type":"PropertyValueSpecification","valueRequired":true,"valueName":"search_term_string"}}],"inLanguage":"en-US"},{"@type":"Organization","@id":"https:\/\/buyweedidaho.com\/#organization","name":"Buy Marijuana in Idaho at the Best Prices | Fast USPS Shipping Available - Bitcoin accepted ! - Top prices, service. - +527225688106 &ndash; Text &amp; whatsapp - 420 Idaho - sdgreen6190@gmail.com &ndash; Fully Anonymous &ndash; Bitcoin Accepted","url":"https:\/\/buyweedidaho.com\/","logo":{"@type":"ImageObject","inLanguage":"en-US","@id":"https:\/\/buyweedidaho.com\/#\/schema\/logo\/image\/","url":"https:\/\/buyweedidaho.com\/wp-content\/uploads\/2024\/08\/cropped-idaho1.jpg","contentUrl":"https:\/\/buyweedidaho.com\/wp-content\/uploads\/2024\/08\/cropped-idaho1.jpg","width":1079,"height":451,"caption":"Buy Marijuana in Idaho at the Best Prices | Fast USPS Shipping Available - Bitcoin accepted ! - Top prices, service. - +527225688106 &ndash; Text &amp; whatsapp - 420 Idaho - sdgreen6190@gmail.com &ndash; Fully Anonymous &ndash; Bitcoin Accepted"},"image":{"@id":"https:\/\/buyweedidaho.com\/#\/schema\/logo\/image\/"}}]}},"_links":{"self":[{"href":"https:\/\/buyweedidaho.com\/index.php\/wp-json\/wp\/v2\/pages\/39","targetHints":{"allow":["GET"]}}],"collection":[{"href":"https:\/\/buyweedidaho.com\/index.php\/wp-json\/wp\/v2\/pages"}],"about":[{"href":"https:\/\/buyweedidaho.com\/index.php\/wp-json\/wp\/v2\/types\/page"}],"author":[{"embeddable":true,"href":"https:\/\/buyweedidaho.com\/index.php\/wp-json\/wp\/v2\/users\/1"}],"replies":[{"embeddable":true,"href":"https:\/\/buyweedidaho.com\/index.php\/wp-json\/wp\/v2\/comments?post=39"}],"version-history":[{"count":0,"href":"https:\/\/buyweedidaho.com\/index.php\/wp-json\/wp\/v2\/pages\/39\/revisions"}],"wp:attachment":[{"href":"https:\/\/buyweedidaho.com\/index.php\/wp-json\/wp\/v2\/media?parent=39"}],"curies":[{"name":"wp","href":"https:\/\/api.w.org\/{rel}","templated":true}]}}