{"id":53,"date":"2024-08-10T16:58:18","date_gmt":"2024-08-10T16:58:18","guid":{"rendered":"https:\/\/buyweedidaho.com\/?page_id=53"},"modified":"2024-08-10T16:58:18","modified_gmt":"2024-08-10T16:58:18","slug":"faq","status":"publish","type":"page","link":"https:\/\/buyweedidaho.com\/index.php\/faq\/","title":{"rendered":"FAQ"},"content":{"rendered":"<p><strong>Are you legit?<\/strong><\/p>\n<p>We get asked this one all the time. The answer is yes, we run an honest and legitimate business and have been shipping this wonderful medicine for over \u2026\u00a0Our goal is to provide our customers with great products and great customer service so they will come back for more and tell their friends about our great products and service. You can try our service for as little as $10. We\u2019re your solid connection! \ud83d\ude42<\/p>\n<p><strong>If I write to you multiple times with the same question will you answer me faster?<\/strong><\/p>\n<p>Sorry no. Just like pushing that elevator button repeatedly doesn\u2019t work, except this time we actually have to take the time to look at your multiple emails which slows things down for everyone. When you submit a question please be patient and allow up to 24 hours for an answer (note we take Saturdays off). Very occasionally it can take longer than a day.<\/p>\n<p><strong>Can I pay with paypal, credit card, western unions etc etc?<\/strong><\/p>\n<p>No! We do not accept any other payment methods besides bitcoin, litecoin and monero. Please don\u2019t write to us to ask!<\/p>\n<p><strong>Can you get a specific product or strain for me?<\/strong><\/p>\n<p>We try our best to get the widest range of products and strains available but we\u2019re limited to what we come across on the market. We do not take product requests so please don\u2019t overburden our already heavy daily email load with this kind of request. Thanks!<\/p>\n<p><strong>I bought bitcoin but now it says I don\u2019t have enough for my order?<\/strong><\/p>\n<p>The price of bitcoin can change rapidly and we have no control over it. If you place an order and buy just enough bitcoin to cover it, but the price of bitcoin DROPS in the meantime, you may not have enough bitcoin to pay for your order. On the other hand the price can RISE leaving you with extra bitcoin for future orders (or just to buy more!) We suggest buying a bit more bitcoin than you need to cover any price drops and paying for your order right after you get your bitcoin. If buy extra bitcoin to be on the safe side you can always use it for future orders or sell it.<\/p>\n<p><strong>How long does it take to receive my package?<\/strong><\/p>\n<p>Generally it takes from 4-8 weekdays once payment is received. It can occasionally come sooner or take longer.<\/p>\n<p><strong>I only received part of my order, will the rest come?<\/strong><\/p>\n<p>We ship from several locations and if you order items from multiple shippers your order may arrive in a few different packages. If you have only received part of your order and 10 weekdays has passed, please let us know at that time.<\/p>\n<p><strong>What country do you ship from? Do you ship internationally?<\/strong><\/p>\n<p>All orders are shipped from within the United States. We no longer ship internationally.<\/p>\n<p><strong>What is your return\/refund policy?<\/strong><\/p>\n<p>We do not accept returns, however, when you see the quality of the product you will not want to return it! If your package does not arrive within two weeks of payment, write to me and we will check the tracking records to see if it was delivered. If the package was not delivered due to our error or a postal error we will resend (with a bonus) or give you a refund. If the package was delivered, we will give you the delivery confirmation code so you can see for yourself it was delivered, but no refund. It could be it was intercepted by a family member or roommate and we have no control over that. Also if it was not delivered due to you giving an incorrect address we will not reship. Please double check and be sure to add apartment numbers etc.<\/p>\n<p><strong><br \/>\nHow do you ship? Will I have to sign for a package? Do you deliver to PO boxes? Do you provide tracking?<br \/>\n<\/strong><\/p>\n<p>We ship only USPS. You will NEVER have to sign for a package from us. Yes we deliver to PO boxes. We do not generally provide tracking information, however you can sign up for USPS \u2018Informed Delivery\u201d to track packages. Find out more at\u00a0<a href=\"https:\/\/informeddelivery.usps.com\/\">https:\/\/informeddelivery.usps.com<\/a>. Note that it can take a day or two for packages to show up in the USPS system.<\/p>\n<p><strong>Can you make an exception and (fill in the blank)?<\/strong><\/p>\n<p>Our policies are very clear on the web site and we don\u2019t make exceptions to them so please don\u2019t ask.<\/p>\n","protected":false},"excerpt":{"rendered":"<p>Are you legit? We get asked this one all the time. The answer is yes, we run an honest and legitimate business and have been shipping this wonderful medicine for over \u2026\u00a0Our goal is to provide our customers with great <a class=\"more-link\" href=\"https:\/\/buyweedidaho.com\/index.php\/faq\/\">Continue reading <span class=\"screen-reader-text\">  FAQ<\/span><span class=\"meta-nav\">&rarr;<\/span><\/a><\/p>\n","protected":false},"author":1,"featured_media":0,"parent":0,"menu_order":0,"comment_status":"closed","ping_status":"closed","template":"","meta":{"footnotes":""},"class_list":["post-53","page","type-page","status-publish","hentry"],"yoast_head":"<!-- This site is optimized with the Yoast SEO plugin v27.4 - https:\/\/yoast.com\/product\/yoast-seo-wordpress\/ -->\n<title>FAQ - Buy Marijuana in Idaho at the Best Prices | Fast USPS Shipping Available - Bitcoin accepted ! - Top prices, service. - +527225688106 &ndash; Text &amp; whatsapp - 420 Idaho - sdgreen6190@gmail.com &ndash; Fully Anonymous &ndash; Bitcoin Accepted<\/title>\n<meta name=\"robots\" content=\"index, follow, max-snippet:-1, max-image-preview:large, max-video-preview:-1\" \/>\n<link rel=\"canonical\" href=\"https:\/\/buyweedidaho.com\/index.php\/faq\/\" \/>\n<meta property=\"og:locale\" content=\"en_US\" \/>\n<meta property=\"og:type\" content=\"article\" \/>\n<meta property=\"og:title\" content=\"FAQ - Buy Marijuana in Idaho at the Best Prices | Fast USPS Shipping Available - Bitcoin accepted ! - Top prices, service. - +527225688106 &ndash; Text &amp; whatsapp - 420 Idaho - sdgreen6190@gmail.com &ndash; Fully Anonymous &ndash; Bitcoin Accepted\" \/>\n<meta property=\"og:description\" content=\"Are you legit? We get asked this one all the time. The answer is yes, we run an honest and legitimate business and have been shipping this wonderful medicine for over \u2026\u00a0Our goal is to provide our customers with great Continue reading  FAQ&rarr;\" \/>\n<meta property=\"og:url\" content=\"https:\/\/buyweedidaho.com\/index.php\/faq\/\" \/>\n<meta property=\"og:site_name\" content=\"Buy Marijuana in Idaho at the Best Prices | Fast USPS Shipping Available - Bitcoin accepted ! - Top prices, service. - +527225688106 &ndash; Text &amp; whatsapp - 420 Idaho - sdgreen6190@gmail.com &ndash; Fully Anonymous &ndash; Bitcoin Accepted\" \/>\n<meta name=\"twitter:card\" content=\"summary_large_image\" \/>\n<meta name=\"twitter:label1\" content=\"Est. reading time\" \/>\n\t<meta name=\"twitter:data1\" content=\"4 minutes\" \/>\n<script type=\"application\/ld+json\" class=\"yoast-schema-graph\">{\"@context\":\"https:\\\/\\\/schema.org\",\"@graph\":[{\"@type\":\"WebPage\",\"@id\":\"https:\\\/\\\/buyweedidaho.com\\\/index.php\\\/faq\\\/\",\"url\":\"https:\\\/\\\/buyweedidaho.com\\\/index.php\\\/faq\\\/\",\"name\":\"FAQ - Buy Marijuana in Idaho at the Best Prices | Fast USPS Shipping Available - Bitcoin accepted ! - Top prices, service. - +527225688106 &ndash; Text &amp; whatsapp - 420 Idaho - sdgreen6190@gmail.com &ndash; Fully Anonymous &ndash; Bitcoin Accepted\",\"isPartOf\":{\"@id\":\"https:\\\/\\\/buyweedidaho.com\\\/#website\"},\"datePublished\":\"2024-08-10T16:58:18+00:00\",\"breadcrumb\":{\"@id\":\"https:\\\/\\\/buyweedidaho.com\\\/index.php\\\/faq\\\/#breadcrumb\"},\"inLanguage\":\"en-US\",\"potentialAction\":[{\"@type\":\"ReadAction\",\"target\":[\"https:\\\/\\\/buyweedidaho.com\\\/index.php\\\/faq\\\/\"]}]},{\"@type\":\"BreadcrumbList\",\"@id\":\"https:\\\/\\\/buyweedidaho.com\\\/index.php\\\/faq\\\/#breadcrumb\",\"itemListElement\":[{\"@type\":\"ListItem\",\"position\":1,\"name\":\"Home\",\"item\":\"https:\\\/\\\/buyweedidaho.com\\\/\"},{\"@type\":\"ListItem\",\"position\":2,\"name\":\"FAQ\"}]},{\"@type\":\"WebSite\",\"@id\":\"https:\\\/\\\/buyweedidaho.com\\\/#website\",\"url\":\"https:\\\/\\\/buyweedidaho.com\\\/\",\"name\":\"Buy Marijuana in Idaho at the Best Prices | Fast USPS Shipping Available - Bitcoin accepted ! - Top prices, service. - +527225688106 &ndash; Text &amp; whatsapp - 420 Idaho - sdgreen6190@gmail.com &ndash; Fully Anonymous &ndash; Bitcoin Accepted\",\"description\":\"*cannabis Idaho, marijuana Idaho, buy cannabis Idaho, cannabis delivery Idaho, cannabis dispensaries Idaho, Idaho marijuana, marijuana delivery Idaho, cannabis near me Idaho, weed Idaho, cannabis for sale Idaho, marijuana for sale Idaho, buy weed Idaho, cannabis shops Idaho, marijuana shops Idaho, cannabis in Idaho, Idaho cannabis delivery, where to buy cannabis Idaho, best cannabis Idaho, cannabis prices Idaho, weed delivery Idaho, buy marijuana Idaho, Idaho weed, legal cannabis Idaho, marijuana near me Idaho, cannabis deals Idaho, cannabis online Idaho, marijuana deals Idaho, cannabis strains Idaho, best weed Idaho, marijuana strains Idaho, cannabis products Idaho, weed products Idaho, marijuana products Idaho, cannabis shop near me Idaho, cannabis dispensary near me Idaho, marijuana dispensary near me Idaho, weed shop Idaho, cannabis shop Idaho, buy marijuana online Idaho, cannabis offers Idaho, marijuana offers Idaho, weed offers Idaho, cannabis retailers Idaho, marijuana retailers Idaho, cannabis specials Idaho, marijuana specials Idaho, weed specials Idaho, Idaho cannabis specials, cannabis prices, marijuana prices, weed prices Idaho, cannabis delivery service Idaho, marijuana delivery service Idaho, weed delivery service Idaho, cannabis retailers near me Idaho, marijuana retailers near me Idaho, weed retailers near me Idaho, cannabis stores Idaho, marijuana stores Idaho, weed stores Idaho, cannabis for sale, marijuana for sale, weed for sale Idaho, buy cannabis online Idaho, buy marijuana online, Idaho cannabis retailers, Idaho marijuana retailers, Idaho weed retailers, cannabis in Boise, marijuana in Boise, buy cannabis Boise, cannabis delivery Boise, weed Boise, cannabis shops Boise, marijuana shops Boise, buy weed Boise, cannabis near me Boise, weed delivery Boise, buy marijuana Boise, cannabis stores Boise, marijuana stores Boise, weed stores Boise, cannabis products Boise, marijuana products Boise, weed products Boise, cannabis dispensary Boise, marijuana dispensary Boise, cannabis near me Boise, weed near me Boise, marijuana near me Boise, cannabis specials Boise, marijuana specials Boise, weed specials Boise, cannabis deals Boise, marijuana deals Boise, weed deals Boise, cannabis offers Boise, marijuana offers Boise, weed offers Boise, cannabis strains Boise, marijuana strains Boise, weed strains Boise, cannabis prices Boise, marijuana prices Boise, weed prices Boise, cannabis delivery Boise, marijuana delivery Boise, weed delivery Boise, cannabis retailers Boise, marijuana retailers Boise, weed retailers Boise, cannabis shop near me Boise, marijuana shop near me Boise, weed shop near me Boise, Idaho cannabis shops, Idaho marijuana shops, Idaho weed shops, buy weed online Idaho, buy cannabis online, cannabis delivery in Idaho, marijuana delivery in Idaho, weed delivery in Idaho, Idaho cannabis strains, Idaho marijuana strains, Idaho weed strains, cannabis in Idaho Falls, marijuana in Idaho Falls, buy cannabis Idaho Falls, cannabis delivery Idaho Falls, weed Idaho Falls, cannabis shops Idaho Falls, marijuana shops Idaho Falls, buy weed Idaho Falls, cannabis near me Idaho Falls, weed delivery Idaho Falls, buy marijuana Idaho Falls, cannabis stores Idaho Falls, marijuana stores Idaho Falls, weed stores Idaho Falls, cannabis products Idaho Falls, marijuana products Idaho Falls, weed products Idaho Falls, cannabis dispensary Idaho Falls, marijuana dispensary Idaho Falls, cannabis near me Idaho Falls, weed near me Idaho Falls, marijuana near me Idaho Falls, cannabis specials Idaho Falls, marijuana specials Idaho Falls, weed specials Idaho Falls, cannabis deals Idaho Falls, marijuana deals Idaho Falls, weed deals Idaho Falls, cannabis offers Idaho Falls, marijuana offers Idaho Falls, weed offers Idaho Falls, cannabis strains Idaho Falls, marijuana strains Idaho Falls, weed strains Idaho Falls, cannabis prices Idaho Falls, marijuana prices Idaho Falls, weed prices Idaho Falls, cannabis delivery Idaho Falls, marijuana delivery Idaho Falls, weed delivery Idaho Falls, cannabis retailers Idaho Falls, marijuana retailers Idaho Falls, weed retailers Idaho Falls, cannabis shop near me Idaho Falls, marijuana shop near me Idaho Falls, weed shop near me Idaho Falls.  Espero que esta lista te sea \u00fatil para optimizar tu sitio web en t\u00e9rminos de b\u00fasqueda de cannabis en Idaho.   generame 500 palabras en ingles separadas por coma, metatags mas buscadas en idaho referente al cannabis y los dispensarios  ChatGPT Claro, aqu\u00ed tienes una lista de 500 palabras clave en ingl\u00e9s, separadas por comas, relacionadas con cannabis y dispensarios en Idaho. Estas palabras est\u00e1n optimizadas para mejorar la visibilidad en los motores de b\u00fasqueda:  **\",\"publisher\":{\"@id\":\"https:\\\/\\\/buyweedidaho.com\\\/#organization\"},\"potentialAction\":[{\"@type\":\"SearchAction\",\"target\":{\"@type\":\"EntryPoint\",\"urlTemplate\":\"https:\\\/\\\/buyweedidaho.com\\\/?s={search_term_string}\"},\"query-input\":{\"@type\":\"PropertyValueSpecification\",\"valueRequired\":true,\"valueName\":\"search_term_string\"}}],\"inLanguage\":\"en-US\"},{\"@type\":\"Organization\",\"@id\":\"https:\\\/\\\/buyweedidaho.com\\\/#organization\",\"name\":\"Buy Marijuana in Idaho at the Best Prices | Fast USPS Shipping Available - Bitcoin accepted ! - Top prices, service. - +527225688106 &ndash; Text &amp; whatsapp - 420 Idaho - sdgreen6190@gmail.com &ndash; Fully Anonymous &ndash; Bitcoin Accepted\",\"url\":\"https:\\\/\\\/buyweedidaho.com\\\/\",\"logo\":{\"@type\":\"ImageObject\",\"inLanguage\":\"en-US\",\"@id\":\"https:\\\/\\\/buyweedidaho.com\\\/#\\\/schema\\\/logo\\\/image\\\/\",\"url\":\"https:\\\/\\\/buyweedidaho.com\\\/wp-content\\\/uploads\\\/2024\\\/08\\\/cropped-idaho1.jpg\",\"contentUrl\":\"https:\\\/\\\/buyweedidaho.com\\\/wp-content\\\/uploads\\\/2024\\\/08\\\/cropped-idaho1.jpg\",\"width\":1079,\"height\":451,\"caption\":\"Buy Marijuana in Idaho at the Best Prices | Fast USPS Shipping Available - Bitcoin accepted ! - Top prices, service. - +527225688106 &ndash; Text &amp; whatsapp - 420 Idaho - sdgreen6190@gmail.com &ndash; Fully Anonymous &ndash; Bitcoin Accepted\"},\"image\":{\"@id\":\"https:\\\/\\\/buyweedidaho.com\\\/#\\\/schema\\\/logo\\\/image\\\/\"}}]}<\/script>\n<!-- \/ Yoast SEO plugin. -->","yoast_head_json":{"title":"FAQ - Buy Marijuana in Idaho at the Best Prices | Fast USPS Shipping Available - Bitcoin accepted ! - Top prices, service. - +527225688106 &ndash; Text &amp; whatsapp - 420 Idaho - sdgreen6190@gmail.com &ndash; Fully Anonymous &ndash; Bitcoin Accepted","robots":{"index":"index","follow":"follow","max-snippet":"max-snippet:-1","max-image-preview":"max-image-preview:large","max-video-preview":"max-video-preview:-1"},"canonical":"https:\/\/buyweedidaho.com\/index.php\/faq\/","og_locale":"en_US","og_type":"article","og_title":"FAQ - Buy Marijuana in Idaho at the Best Prices | Fast USPS Shipping Available - Bitcoin accepted ! - Top prices, service. - +527225688106 &ndash; Text &amp; whatsapp - 420 Idaho - sdgreen6190@gmail.com &ndash; Fully Anonymous &ndash; Bitcoin Accepted","og_description":"Are you legit? We get asked this one all the time. The answer is yes, we run an honest and legitimate business and have been shipping this wonderful medicine for over \u2026\u00a0Our goal is to provide our customers with great Continue reading  FAQ&rarr;","og_url":"https:\/\/buyweedidaho.com\/index.php\/faq\/","og_site_name":"Buy Marijuana in Idaho at the Best Prices | Fast USPS Shipping Available - Bitcoin accepted ! - Top prices, service. - +527225688106 &ndash; Text &amp; whatsapp - 420 Idaho - sdgreen6190@gmail.com &ndash; Fully Anonymous &ndash; Bitcoin Accepted","twitter_card":"summary_large_image","twitter_misc":{"Est. reading time":"4 minutes"},"schema":{"@context":"https:\/\/schema.org","@graph":[{"@type":"WebPage","@id":"https:\/\/buyweedidaho.com\/index.php\/faq\/","url":"https:\/\/buyweedidaho.com\/index.php\/faq\/","name":"FAQ - Buy Marijuana in Idaho at the Best Prices | Fast USPS Shipping Available - Bitcoin accepted ! - Top prices, service. - +527225688106 &ndash; Text &amp; whatsapp - 420 Idaho - sdgreen6190@gmail.com &ndash; Fully Anonymous &ndash; Bitcoin Accepted","isPartOf":{"@id":"https:\/\/buyweedidaho.com\/#website"},"datePublished":"2024-08-10T16:58:18+00:00","breadcrumb":{"@id":"https:\/\/buyweedidaho.com\/index.php\/faq\/#breadcrumb"},"inLanguage":"en-US","potentialAction":[{"@type":"ReadAction","target":["https:\/\/buyweedidaho.com\/index.php\/faq\/"]}]},{"@type":"BreadcrumbList","@id":"https:\/\/buyweedidaho.com\/index.php\/faq\/#breadcrumb","itemListElement":[{"@type":"ListItem","position":1,"name":"Home","item":"https:\/\/buyweedidaho.com\/"},{"@type":"ListItem","position":2,"name":"FAQ"}]},{"@type":"WebSite","@id":"https:\/\/buyweedidaho.com\/#website","url":"https:\/\/buyweedidaho.com\/","name":"Buy Marijuana in Idaho at the Best Prices | Fast USPS Shipping Available - Bitcoin accepted ! - Top prices, service. - +527225688106 &ndash; Text &amp; whatsapp - 420 Idaho - sdgreen6190@gmail.com &ndash; Fully Anonymous &ndash; Bitcoin Accepted","description":"*cannabis Idaho, marijuana Idaho, buy cannabis Idaho, cannabis delivery Idaho, cannabis dispensaries Idaho, Idaho marijuana, marijuana delivery Idaho, cannabis near me Idaho, weed Idaho, cannabis for sale Idaho, marijuana for sale Idaho, buy weed Idaho, cannabis shops Idaho, marijuana shops Idaho, cannabis in Idaho, Idaho cannabis delivery, where to buy cannabis Idaho, best cannabis Idaho, cannabis prices Idaho, weed delivery Idaho, buy marijuana Idaho, Idaho weed, legal cannabis Idaho, marijuana near me Idaho, cannabis deals Idaho, cannabis online Idaho, marijuana deals Idaho, cannabis strains Idaho, best weed Idaho, marijuana strains Idaho, cannabis products Idaho, weed products Idaho, marijuana products Idaho, cannabis shop near me Idaho, cannabis dispensary near me Idaho, marijuana dispensary near me Idaho, weed shop Idaho, cannabis shop Idaho, buy marijuana online Idaho, cannabis offers Idaho, marijuana offers Idaho, weed offers Idaho, cannabis retailers Idaho, marijuana retailers Idaho, cannabis specials Idaho, marijuana specials Idaho, weed specials Idaho, Idaho cannabis specials, cannabis prices, marijuana prices, weed prices Idaho, cannabis delivery service Idaho, marijuana delivery service Idaho, weed delivery service Idaho, cannabis retailers near me Idaho, marijuana retailers near me Idaho, weed retailers near me Idaho, cannabis stores Idaho, marijuana stores Idaho, weed stores Idaho, cannabis for sale, marijuana for sale, weed for sale Idaho, buy cannabis online Idaho, buy marijuana online, Idaho cannabis retailers, Idaho marijuana retailers, Idaho weed retailers, cannabis in Boise, marijuana in Boise, buy cannabis Boise, cannabis delivery Boise, weed Boise, cannabis shops Boise, marijuana shops Boise, buy weed Boise, cannabis near me Boise, weed delivery Boise, buy marijuana Boise, cannabis stores Boise, marijuana stores Boise, weed stores Boise, cannabis products Boise, marijuana products Boise, weed products Boise, cannabis dispensary Boise, marijuana dispensary Boise, cannabis near me Boise, weed near me Boise, marijuana near me Boise, cannabis specials Boise, marijuana specials Boise, weed specials Boise, cannabis deals Boise, marijuana deals Boise, weed deals Boise, cannabis offers Boise, marijuana offers Boise, weed offers Boise, cannabis strains Boise, marijuana strains Boise, weed strains Boise, cannabis prices Boise, marijuana prices Boise, weed prices Boise, cannabis delivery Boise, marijuana delivery Boise, weed delivery Boise, cannabis retailers Boise, marijuana retailers Boise, weed retailers Boise, cannabis shop near me Boise, marijuana shop near me Boise, weed shop near me Boise, Idaho cannabis shops, Idaho marijuana shops, Idaho weed shops, buy weed online Idaho, buy cannabis online, cannabis delivery in Idaho, marijuana delivery in Idaho, weed delivery in Idaho, Idaho cannabis strains, Idaho marijuana strains, Idaho weed strains, cannabis in Idaho Falls, marijuana in Idaho Falls, buy cannabis Idaho Falls, cannabis delivery Idaho Falls, weed Idaho Falls, cannabis shops Idaho Falls, marijuana shops Idaho Falls, buy weed Idaho Falls, cannabis near me Idaho Falls, weed delivery Idaho Falls, buy marijuana Idaho Falls, cannabis stores Idaho Falls, marijuana stores Idaho Falls, weed stores Idaho Falls, cannabis products Idaho Falls, marijuana products Idaho Falls, weed products Idaho Falls, cannabis dispensary Idaho Falls, marijuana dispensary Idaho Falls, cannabis near me Idaho Falls, weed near me Idaho Falls, marijuana near me Idaho Falls, cannabis specials Idaho Falls, marijuana specials Idaho Falls, weed specials Idaho Falls, cannabis deals Idaho Falls, marijuana deals Idaho Falls, weed deals Idaho Falls, cannabis offers Idaho Falls, marijuana offers Idaho Falls, weed offers Idaho Falls, cannabis strains Idaho Falls, marijuana strains Idaho Falls, weed strains Idaho Falls, cannabis prices Idaho Falls, marijuana prices Idaho Falls, weed prices Idaho Falls, cannabis delivery Idaho Falls, marijuana delivery Idaho Falls, weed delivery Idaho Falls, cannabis retailers Idaho Falls, marijuana retailers Idaho Falls, weed retailers Idaho Falls, cannabis shop near me Idaho Falls, marijuana shop near me Idaho Falls, weed shop near me Idaho Falls.  Espero que esta lista te sea \u00fatil para optimizar tu sitio web en t\u00e9rminos de b\u00fasqueda de cannabis en Idaho.   generame 500 palabras en ingles separadas por coma, metatags mas buscadas en idaho referente al cannabis y los dispensarios  ChatGPT Claro, aqu\u00ed tienes una lista de 500 palabras clave en ingl\u00e9s, separadas por comas, relacionadas con cannabis y dispensarios en Idaho. Estas palabras est\u00e1n optimizadas para mejorar la visibilidad en los motores de b\u00fasqueda:  **","publisher":{"@id":"https:\/\/buyweedidaho.com\/#organization"},"potentialAction":[{"@type":"SearchAction","target":{"@type":"EntryPoint","urlTemplate":"https:\/\/buyweedidaho.com\/?s={search_term_string}"},"query-input":{"@type":"PropertyValueSpecification","valueRequired":true,"valueName":"search_term_string"}}],"inLanguage":"en-US"},{"@type":"Organization","@id":"https:\/\/buyweedidaho.com\/#organization","name":"Buy Marijuana in Idaho at the Best Prices | Fast USPS Shipping Available - Bitcoin accepted ! - Top prices, service. - +527225688106 &ndash; Text &amp; whatsapp - 420 Idaho - sdgreen6190@gmail.com &ndash; Fully Anonymous &ndash; Bitcoin Accepted","url":"https:\/\/buyweedidaho.com\/","logo":{"@type":"ImageObject","inLanguage":"en-US","@id":"https:\/\/buyweedidaho.com\/#\/schema\/logo\/image\/","url":"https:\/\/buyweedidaho.com\/wp-content\/uploads\/2024\/08\/cropped-idaho1.jpg","contentUrl":"https:\/\/buyweedidaho.com\/wp-content\/uploads\/2024\/08\/cropped-idaho1.jpg","width":1079,"height":451,"caption":"Buy Marijuana in Idaho at the Best Prices | Fast USPS Shipping Available - Bitcoin accepted ! - Top prices, service. - +527225688106 &ndash; Text &amp; whatsapp - 420 Idaho - sdgreen6190@gmail.com &ndash; Fully Anonymous &ndash; Bitcoin Accepted"},"image":{"@id":"https:\/\/buyweedidaho.com\/#\/schema\/logo\/image\/"}}]}},"_links":{"self":[{"href":"https:\/\/buyweedidaho.com\/index.php\/wp-json\/wp\/v2\/pages\/53","targetHints":{"allow":["GET"]}}],"collection":[{"href":"https:\/\/buyweedidaho.com\/index.php\/wp-json\/wp\/v2\/pages"}],"about":[{"href":"https:\/\/buyweedidaho.com\/index.php\/wp-json\/wp\/v2\/types\/page"}],"author":[{"embeddable":true,"href":"https:\/\/buyweedidaho.com\/index.php\/wp-json\/wp\/v2\/users\/1"}],"replies":[{"embeddable":true,"href":"https:\/\/buyweedidaho.com\/index.php\/wp-json\/wp\/v2\/comments?post=53"}],"version-history":[{"count":0,"href":"https:\/\/buyweedidaho.com\/index.php\/wp-json\/wp\/v2\/pages\/53\/revisions"}],"wp:attachment":[{"href":"https:\/\/buyweedidaho.com\/index.php\/wp-json\/wp\/v2\/media?parent=53"}],"curies":[{"name":"wp","href":"https:\/\/api.w.org\/{rel}","templated":true}]}}