{"id":79,"date":"2024-08-10T17:08:36","date_gmt":"2024-08-10T17:08:36","guid":{"rendered":"https:\/\/buyweedidaho.com\/?page_id=79"},"modified":"2024-08-10T17:08:36","modified_gmt":"2024-08-10T17:08:36","slug":"where-to-buy-bitcoin","status":"publish","type":"page","link":"https:\/\/buyweedidaho.com\/index.php\/where-to-buy-bitcoin\/","title":{"rendered":"Where to buy bitcoin"},"content":{"rendered":"<div id=\"content\" class=\"cf\" role=\"main\">\n<article id=\"post-46\" class=\"single-view post-46 page type-page status-publish hentry\">\n<div class=\"entry-content cf\">\n<p><b>Note: We have been hearing of people having difficulties with Coinbase. We will still accept bitcoin from Coinbase, but we suggest switching to another company if you are having problems with them.<\/b><\/p>\n<p><img loading=\"lazy\" decoding=\"async\" class=\"alignnone size-full wp-image-32\" src=\"https:\/\/sandiegocream.com\/wp-content\/uploads\/2024\/08\/bitcoincartera.jpeg\" alt=\"\" width=\"300\" height=\"168\" \/><img loading=\"lazy\" decoding=\"async\" class=\"alignnone size-medium wp-image-33\" src=\"https:\/\/sandiegocream.com\/wp-content\/uploads\/2024\/08\/criptomx-300x169.jpg\" sizes=\"auto, (max-width: 300px) 100vw, 300px\" srcset=\"https:\/\/sandiegocream.com\/wp-content\/uploads\/2024\/08\/criptomx-300x169.jpg 300w, https:\/\/sandiegocream.com\/wp-content\/uploads\/2024\/08\/criptomx-768x432.jpg 768w, https:\/\/sandiegocream.com\/wp-content\/uploads\/2024\/08\/criptomx.jpg 990w\" alt=\"\" width=\"300\" height=\"169\" \/><\/p>\n<p>Here are some options for buying bitcoin:<\/p>\n<p><a href=\"https:\/\/cash.app\/\"><b>Cash App<\/b>\u00a0<\/a>\u2013 Cashapp seems to be the new go-to favorite for our customers. You can easily buy bitcoin with a credit card right on your phone. Look in the iOS App Store or the Google Play store for Cashapp. There\u2019s lots of Youtube tutorials to walk you through the easy process.<\/p>\n<p><a href=\"https:\/\/cex.io\/\"><b>Cex.io<\/b>\u00a0<\/a>\u2013 Cex is another good option for buying bitcoin with a credit card. We\u2019ve heard great things about Cex.io. They have a detailed verification process, but once you\u2019ve bought from them once it is smooth sailing for future orders.<\/p>\n<p><a href=\"https:\/\/medicineman.is\/www.coinmama.com\"><b>Coinmama<\/b>\u00a0<\/a>\u2013 An easy way to buy bitcoin with apple pay, google pay etc.<\/p>\n<p><a href=\"https:\/\/coinatmradar.com\/country\/226\/bitcoin-atm-united-states\/\"><b>Bitcoin ATM<\/b>\u00a0<\/a>\u2013 You might live near a bitcoin ATM! Click map for US locations<\/p>\n<p><a href=\"http:\/\/libertyx.com\/\"><b>LibertyX<\/b>\u00a0<\/a>\u2013 Buy bitcoin easily with cash. Just put in your zip code and find out if there is a location near you.<\/p>\n<p><a href=\"http:\/\/paxful.com\/\"><b>Paxful<\/b>\u00a0<\/a>\u2013 There are tons of ways to buy bitcoin with paxful. You can even trade in unused gift cards. One of the easiest sites but rates can be pricey. There is a good tutorial on their site.<\/p>\n<p>There are plenty of other ways to get bitcoin. If you get really stuck let us know!<\/p>\n<p>\u2014\u2014\u2014\u2014\u2014\u2013<\/p>\n<p>When you get bitcoin if you are not sending directly to us you will need to have a bitcoin wallet. You can always save any leftover for future purchases.<\/p>\n<p>Here are our wallet suggestions:<\/p>\n<p>For a mobile phone we recommend\u00a0<a href=\"https:\/\/mycelium.com\/\">Mycelium<\/a><\/p>\n<p><a href=\"https:\/\/mycelium.com\/\">For your computer we recommend\u00a0<\/a><a href=\"https:\/\/electrum.org\/\">Electrum<\/a><\/p>\n<p>Make sure that you have a GOOD password and that you REMEMBER it! You can lose all your bitcoin if you forget your password!<\/p>\n<\/div>\n<div class=\"entry-meta-bottom cf\">\n<div class=\"entry-tags\"><\/div>\n<\/div>\n<div id=\"comment-area\" class=\"cf\">\n<div id=\"comments\" class=\"cf\"><\/div>\n<\/div>\n<\/article>\n<\/div>\n<div id=\"sidebar\" class=\"cf\" role=\"complementary\"><\/div>\n","protected":false},"excerpt":{"rendered":"<p>Note: We have been hearing of people having difficulties with Coinbase. We will still accept bitcoin from Coinbase, but we suggest switching to another company if you are having problems with them. Here are some options for buying bitcoin: Cash <a class=\"more-link\" href=\"https:\/\/buyweedidaho.com\/index.php\/where-to-buy-bitcoin\/\">Continue reading <span class=\"screen-reader-text\">  Where to buy bitcoin<\/span><span class=\"meta-nav\">&rarr;<\/span><\/a><\/p>\n","protected":false},"author":1,"featured_media":0,"parent":0,"menu_order":0,"comment_status":"closed","ping_status":"closed","template":"","meta":{"footnotes":""},"class_list":["post-79","page","type-page","status-publish","hentry"],"yoast_head":"<!-- This site is optimized with the Yoast SEO plugin v27.4 - https:\/\/yoast.com\/product\/yoast-seo-wordpress\/ -->\n<title>Where to buy bitcoin - Buy Marijuana in Idaho at the Best Prices | Fast USPS Shipping Available - Bitcoin accepted ! - Top prices, service. - +527225688106 &ndash; Text &amp; whatsapp - 420 Idaho - sdgreen6190@gmail.com &ndash; Fully Anonymous &ndash; Bitcoin Accepted<\/title>\n<meta name=\"robots\" content=\"index, follow, max-snippet:-1, max-image-preview:large, max-video-preview:-1\" \/>\n<link rel=\"canonical\" href=\"https:\/\/buyweedidaho.com\/index.php\/where-to-buy-bitcoin\/\" \/>\n<meta property=\"og:locale\" content=\"en_US\" \/>\n<meta property=\"og:type\" content=\"article\" \/>\n<meta property=\"og:title\" content=\"Where to buy bitcoin - Buy Marijuana in Idaho at the Best Prices | Fast USPS Shipping Available - Bitcoin accepted ! - Top prices, service. - +527225688106 &ndash; Text &amp; whatsapp - 420 Idaho - sdgreen6190@gmail.com &ndash; Fully Anonymous &ndash; Bitcoin Accepted\" \/>\n<meta property=\"og:description\" content=\"Note: We have been hearing of people having difficulties with Coinbase. We will still accept bitcoin from Coinbase, but we suggest switching to another company if you are having problems with them. Here are some options for buying bitcoin: Cash Continue reading  Where to buy bitcoin&rarr;\" \/>\n<meta property=\"og:url\" content=\"https:\/\/buyweedidaho.com\/index.php\/where-to-buy-bitcoin\/\" \/>\n<meta property=\"og:site_name\" content=\"Buy Marijuana in Idaho at the Best Prices | Fast USPS Shipping Available - Bitcoin accepted ! - Top prices, service. - +527225688106 &ndash; Text &amp; whatsapp - 420 Idaho - sdgreen6190@gmail.com &ndash; Fully Anonymous &ndash; Bitcoin Accepted\" \/>\n<meta property=\"og:image\" content=\"https:\/\/sandiegocream.com\/wp-content\/uploads\/2024\/08\/bitcoincartera.jpeg\" \/>\n<meta name=\"twitter:card\" content=\"summary_large_image\" \/>\n<script type=\"application\/ld+json\" class=\"yoast-schema-graph\">{\"@context\":\"https:\\\/\\\/schema.org\",\"@graph\":[{\"@type\":\"WebPage\",\"@id\":\"https:\\\/\\\/buyweedidaho.com\\\/index.php\\\/where-to-buy-bitcoin\\\/\",\"url\":\"https:\\\/\\\/buyweedidaho.com\\\/index.php\\\/where-to-buy-bitcoin\\\/\",\"name\":\"Where to buy bitcoin - Buy Marijuana in Idaho at the Best Prices | Fast USPS Shipping Available - Bitcoin accepted ! - Top prices, service. - +527225688106 &ndash; Text &amp; whatsapp - 420 Idaho - sdgreen6190@gmail.com &ndash; Fully Anonymous &ndash; Bitcoin Accepted\",\"isPartOf\":{\"@id\":\"https:\\\/\\\/buyweedidaho.com\\\/#website\"},\"primaryImageOfPage\":{\"@id\":\"https:\\\/\\\/buyweedidaho.com\\\/index.php\\\/where-to-buy-bitcoin\\\/#primaryimage\"},\"image\":{\"@id\":\"https:\\\/\\\/buyweedidaho.com\\\/index.php\\\/where-to-buy-bitcoin\\\/#primaryimage\"},\"thumbnailUrl\":\"https:\\\/\\\/sandiegocream.com\\\/wp-content\\\/uploads\\\/2024\\\/08\\\/bitcoincartera.jpeg\",\"datePublished\":\"2024-08-10T17:08:36+00:00\",\"breadcrumb\":{\"@id\":\"https:\\\/\\\/buyweedidaho.com\\\/index.php\\\/where-to-buy-bitcoin\\\/#breadcrumb\"},\"inLanguage\":\"en-US\",\"potentialAction\":[{\"@type\":\"ReadAction\",\"target\":[\"https:\\\/\\\/buyweedidaho.com\\\/index.php\\\/where-to-buy-bitcoin\\\/\"]}]},{\"@type\":\"ImageObject\",\"inLanguage\":\"en-US\",\"@id\":\"https:\\\/\\\/buyweedidaho.com\\\/index.php\\\/where-to-buy-bitcoin\\\/#primaryimage\",\"url\":\"https:\\\/\\\/sandiegocream.com\\\/wp-content\\\/uploads\\\/2024\\\/08\\\/bitcoincartera.jpeg\",\"contentUrl\":\"https:\\\/\\\/sandiegocream.com\\\/wp-content\\\/uploads\\\/2024\\\/08\\\/bitcoincartera.jpeg\"},{\"@type\":\"BreadcrumbList\",\"@id\":\"https:\\\/\\\/buyweedidaho.com\\\/index.php\\\/where-to-buy-bitcoin\\\/#breadcrumb\",\"itemListElement\":[{\"@type\":\"ListItem\",\"position\":1,\"name\":\"Home\",\"item\":\"https:\\\/\\\/buyweedidaho.com\\\/\"},{\"@type\":\"ListItem\",\"position\":2,\"name\":\"Where to buy bitcoin\"}]},{\"@type\":\"WebSite\",\"@id\":\"https:\\\/\\\/buyweedidaho.com\\\/#website\",\"url\":\"https:\\\/\\\/buyweedidaho.com\\\/\",\"name\":\"Buy Marijuana in Idaho at the Best Prices | Fast USPS Shipping Available - Bitcoin accepted ! - Top prices, service. - +527225688106 &ndash; Text &amp; whatsapp - 420 Idaho - sdgreen6190@gmail.com &ndash; Fully Anonymous &ndash; Bitcoin Accepted\",\"description\":\"*cannabis Idaho, marijuana Idaho, buy cannabis Idaho, cannabis delivery Idaho, cannabis dispensaries Idaho, Idaho marijuana, marijuana delivery Idaho, cannabis near me Idaho, weed Idaho, cannabis for sale Idaho, marijuana for sale Idaho, buy weed Idaho, cannabis shops Idaho, marijuana shops Idaho, cannabis in Idaho, Idaho cannabis delivery, where to buy cannabis Idaho, best cannabis Idaho, cannabis prices Idaho, weed delivery Idaho, buy marijuana Idaho, Idaho weed, legal cannabis Idaho, marijuana near me Idaho, cannabis deals Idaho, cannabis online Idaho, marijuana deals Idaho, cannabis strains Idaho, best weed Idaho, marijuana strains Idaho, cannabis products Idaho, weed products Idaho, marijuana products Idaho, cannabis shop near me Idaho, cannabis dispensary near me Idaho, marijuana dispensary near me Idaho, weed shop Idaho, cannabis shop Idaho, buy marijuana online Idaho, cannabis offers Idaho, marijuana offers Idaho, weed offers Idaho, cannabis retailers Idaho, marijuana retailers Idaho, cannabis specials Idaho, marijuana specials Idaho, weed specials Idaho, Idaho cannabis specials, cannabis prices, marijuana prices, weed prices Idaho, cannabis delivery service Idaho, marijuana delivery service Idaho, weed delivery service Idaho, cannabis retailers near me Idaho, marijuana retailers near me Idaho, weed retailers near me Idaho, cannabis stores Idaho, marijuana stores Idaho, weed stores Idaho, cannabis for sale, marijuana for sale, weed for sale Idaho, buy cannabis online Idaho, buy marijuana online, Idaho cannabis retailers, Idaho marijuana retailers, Idaho weed retailers, cannabis in Boise, marijuana in Boise, buy cannabis Boise, cannabis delivery Boise, weed Boise, cannabis shops Boise, marijuana shops Boise, buy weed Boise, cannabis near me Boise, weed delivery Boise, buy marijuana Boise, cannabis stores Boise, marijuana stores Boise, weed stores Boise, cannabis products Boise, marijuana products Boise, weed products Boise, cannabis dispensary Boise, marijuana dispensary Boise, cannabis near me Boise, weed near me Boise, marijuana near me Boise, cannabis specials Boise, marijuana specials Boise, weed specials Boise, cannabis deals Boise, marijuana deals Boise, weed deals Boise, cannabis offers Boise, marijuana offers Boise, weed offers Boise, cannabis strains Boise, marijuana strains Boise, weed strains Boise, cannabis prices Boise, marijuana prices Boise, weed prices Boise, cannabis delivery Boise, marijuana delivery Boise, weed delivery Boise, cannabis retailers Boise, marijuana retailers Boise, weed retailers Boise, cannabis shop near me Boise, marijuana shop near me Boise, weed shop near me Boise, Idaho cannabis shops, Idaho marijuana shops, Idaho weed shops, buy weed online Idaho, buy cannabis online, cannabis delivery in Idaho, marijuana delivery in Idaho, weed delivery in Idaho, Idaho cannabis strains, Idaho marijuana strains, Idaho weed strains, cannabis in Idaho Falls, marijuana in Idaho Falls, buy cannabis Idaho Falls, cannabis delivery Idaho Falls, weed Idaho Falls, cannabis shops Idaho Falls, marijuana shops Idaho Falls, buy weed Idaho Falls, cannabis near me Idaho Falls, weed delivery Idaho Falls, buy marijuana Idaho Falls, cannabis stores Idaho Falls, marijuana stores Idaho Falls, weed stores Idaho Falls, cannabis products Idaho Falls, marijuana products Idaho Falls, weed products Idaho Falls, cannabis dispensary Idaho Falls, marijuana dispensary Idaho Falls, cannabis near me Idaho Falls, weed near me Idaho Falls, marijuana near me Idaho Falls, cannabis specials Idaho Falls, marijuana specials Idaho Falls, weed specials Idaho Falls, cannabis deals Idaho Falls, marijuana deals Idaho Falls, weed deals Idaho Falls, cannabis offers Idaho Falls, marijuana offers Idaho Falls, weed offers Idaho Falls, cannabis strains Idaho Falls, marijuana strains Idaho Falls, weed strains Idaho Falls, cannabis prices Idaho Falls, marijuana prices Idaho Falls, weed prices Idaho Falls, cannabis delivery Idaho Falls, marijuana delivery Idaho Falls, weed delivery Idaho Falls, cannabis retailers Idaho Falls, marijuana retailers Idaho Falls, weed retailers Idaho Falls, cannabis shop near me Idaho Falls, marijuana shop near me Idaho Falls, weed shop near me Idaho Falls.  Espero que esta lista te sea \u00fatil para optimizar tu sitio web en t\u00e9rminos de b\u00fasqueda de cannabis en Idaho.   generame 500 palabras en ingles separadas por coma, metatags mas buscadas en idaho referente al cannabis y los dispensarios  ChatGPT Claro, aqu\u00ed tienes una lista de 500 palabras clave en ingl\u00e9s, separadas por comas, relacionadas con cannabis y dispensarios en Idaho. Estas palabras est\u00e1n optimizadas para mejorar la visibilidad en los motores de b\u00fasqueda:  **\",\"publisher\":{\"@id\":\"https:\\\/\\\/buyweedidaho.com\\\/#organization\"},\"potentialAction\":[{\"@type\":\"SearchAction\",\"target\":{\"@type\":\"EntryPoint\",\"urlTemplate\":\"https:\\\/\\\/buyweedidaho.com\\\/?s={search_term_string}\"},\"query-input\":{\"@type\":\"PropertyValueSpecification\",\"valueRequired\":true,\"valueName\":\"search_term_string\"}}],\"inLanguage\":\"en-US\"},{\"@type\":\"Organization\",\"@id\":\"https:\\\/\\\/buyweedidaho.com\\\/#organization\",\"name\":\"Buy Marijuana in Idaho at the Best Prices | Fast USPS Shipping Available - Bitcoin accepted ! - Top prices, service. - +527225688106 &ndash; Text &amp; whatsapp - 420 Idaho - sdgreen6190@gmail.com &ndash; Fully Anonymous &ndash; Bitcoin Accepted\",\"url\":\"https:\\\/\\\/buyweedidaho.com\\\/\",\"logo\":{\"@type\":\"ImageObject\",\"inLanguage\":\"en-US\",\"@id\":\"https:\\\/\\\/buyweedidaho.com\\\/#\\\/schema\\\/logo\\\/image\\\/\",\"url\":\"https:\\\/\\\/buyweedidaho.com\\\/wp-content\\\/uploads\\\/2024\\\/08\\\/cropped-idaho1.jpg\",\"contentUrl\":\"https:\\\/\\\/buyweedidaho.com\\\/wp-content\\\/uploads\\\/2024\\\/08\\\/cropped-idaho1.jpg\",\"width\":1079,\"height\":451,\"caption\":\"Buy Marijuana in Idaho at the Best Prices | Fast USPS Shipping Available - Bitcoin accepted ! - Top prices, service. - +527225688106 &ndash; Text &amp; whatsapp - 420 Idaho - sdgreen6190@gmail.com &ndash; Fully Anonymous &ndash; Bitcoin Accepted\"},\"image\":{\"@id\":\"https:\\\/\\\/buyweedidaho.com\\\/#\\\/schema\\\/logo\\\/image\\\/\"}}]}<\/script>\n<!-- \/ Yoast SEO plugin. -->","yoast_head_json":{"title":"Where to buy bitcoin - Buy Marijuana in Idaho at the Best Prices | Fast USPS Shipping Available - Bitcoin accepted ! - Top prices, service. - +527225688106 &ndash; Text &amp; whatsapp - 420 Idaho - sdgreen6190@gmail.com &ndash; Fully Anonymous &ndash; Bitcoin Accepted","robots":{"index":"index","follow":"follow","max-snippet":"max-snippet:-1","max-image-preview":"max-image-preview:large","max-video-preview":"max-video-preview:-1"},"canonical":"https:\/\/buyweedidaho.com\/index.php\/where-to-buy-bitcoin\/","og_locale":"en_US","og_type":"article","og_title":"Where to buy bitcoin - Buy Marijuana in Idaho at the Best Prices | Fast USPS Shipping Available - Bitcoin accepted ! - Top prices, service. - +527225688106 &ndash; Text &amp; whatsapp - 420 Idaho - sdgreen6190@gmail.com &ndash; Fully Anonymous &ndash; Bitcoin Accepted","og_description":"Note: We have been hearing of people having difficulties with Coinbase. We will still accept bitcoin from Coinbase, but we suggest switching to another company if you are having problems with them. Here are some options for buying bitcoin: Cash Continue reading  Where to buy bitcoin&rarr;","og_url":"https:\/\/buyweedidaho.com\/index.php\/where-to-buy-bitcoin\/","og_site_name":"Buy Marijuana in Idaho at the Best Prices | Fast USPS Shipping Available - Bitcoin accepted ! - Top prices, service. - +527225688106 &ndash; Text &amp; whatsapp - 420 Idaho - sdgreen6190@gmail.com &ndash; Fully Anonymous &ndash; Bitcoin Accepted","og_image":[{"url":"https:\/\/sandiegocream.com\/wp-content\/uploads\/2024\/08\/bitcoincartera.jpeg","type":"","width":"","height":""}],"twitter_card":"summary_large_image","schema":{"@context":"https:\/\/schema.org","@graph":[{"@type":"WebPage","@id":"https:\/\/buyweedidaho.com\/index.php\/where-to-buy-bitcoin\/","url":"https:\/\/buyweedidaho.com\/index.php\/where-to-buy-bitcoin\/","name":"Where to buy bitcoin - Buy Marijuana in Idaho at the Best Prices | Fast USPS Shipping Available - Bitcoin accepted ! - Top prices, service. - +527225688106 &ndash; Text &amp; whatsapp - 420 Idaho - sdgreen6190@gmail.com &ndash; Fully Anonymous &ndash; Bitcoin Accepted","isPartOf":{"@id":"https:\/\/buyweedidaho.com\/#website"},"primaryImageOfPage":{"@id":"https:\/\/buyweedidaho.com\/index.php\/where-to-buy-bitcoin\/#primaryimage"},"image":{"@id":"https:\/\/buyweedidaho.com\/index.php\/where-to-buy-bitcoin\/#primaryimage"},"thumbnailUrl":"https:\/\/sandiegocream.com\/wp-content\/uploads\/2024\/08\/bitcoincartera.jpeg","datePublished":"2024-08-10T17:08:36+00:00","breadcrumb":{"@id":"https:\/\/buyweedidaho.com\/index.php\/where-to-buy-bitcoin\/#breadcrumb"},"inLanguage":"en-US","potentialAction":[{"@type":"ReadAction","target":["https:\/\/buyweedidaho.com\/index.php\/where-to-buy-bitcoin\/"]}]},{"@type":"ImageObject","inLanguage":"en-US","@id":"https:\/\/buyweedidaho.com\/index.php\/where-to-buy-bitcoin\/#primaryimage","url":"https:\/\/sandiegocream.com\/wp-content\/uploads\/2024\/08\/bitcoincartera.jpeg","contentUrl":"https:\/\/sandiegocream.com\/wp-content\/uploads\/2024\/08\/bitcoincartera.jpeg"},{"@type":"BreadcrumbList","@id":"https:\/\/buyweedidaho.com\/index.php\/where-to-buy-bitcoin\/#breadcrumb","itemListElement":[{"@type":"ListItem","position":1,"name":"Home","item":"https:\/\/buyweedidaho.com\/"},{"@type":"ListItem","position":2,"name":"Where to buy bitcoin"}]},{"@type":"WebSite","@id":"https:\/\/buyweedidaho.com\/#website","url":"https:\/\/buyweedidaho.com\/","name":"Buy Marijuana in Idaho at the Best Prices | Fast USPS Shipping Available - Bitcoin accepted ! - Top prices, service. - +527225688106 &ndash; Text &amp; whatsapp - 420 Idaho - sdgreen6190@gmail.com &ndash; Fully Anonymous &ndash; Bitcoin Accepted","description":"*cannabis Idaho, marijuana Idaho, buy cannabis Idaho, cannabis delivery Idaho, cannabis dispensaries Idaho, Idaho marijuana, marijuana delivery Idaho, cannabis near me Idaho, weed Idaho, cannabis for sale Idaho, marijuana for sale Idaho, buy weed Idaho, cannabis shops Idaho, marijuana shops Idaho, cannabis in Idaho, Idaho cannabis delivery, where to buy cannabis Idaho, best cannabis Idaho, cannabis prices Idaho, weed delivery Idaho, buy marijuana Idaho, Idaho weed, legal cannabis Idaho, marijuana near me Idaho, cannabis deals Idaho, cannabis online Idaho, marijuana deals Idaho, cannabis strains Idaho, best weed Idaho, marijuana strains Idaho, cannabis products Idaho, weed products Idaho, marijuana products Idaho, cannabis shop near me Idaho, cannabis dispensary near me Idaho, marijuana dispensary near me Idaho, weed shop Idaho, cannabis shop Idaho, buy marijuana online Idaho, cannabis offers Idaho, marijuana offers Idaho, weed offers Idaho, cannabis retailers Idaho, marijuana retailers Idaho, cannabis specials Idaho, marijuana specials Idaho, weed specials Idaho, Idaho cannabis specials, cannabis prices, marijuana prices, weed prices Idaho, cannabis delivery service Idaho, marijuana delivery service Idaho, weed delivery service Idaho, cannabis retailers near me Idaho, marijuana retailers near me Idaho, weed retailers near me Idaho, cannabis stores Idaho, marijuana stores Idaho, weed stores Idaho, cannabis for sale, marijuana for sale, weed for sale Idaho, buy cannabis online Idaho, buy marijuana online, Idaho cannabis retailers, Idaho marijuana retailers, Idaho weed retailers, cannabis in Boise, marijuana in Boise, buy cannabis Boise, cannabis delivery Boise, weed Boise, cannabis shops Boise, marijuana shops Boise, buy weed Boise, cannabis near me Boise, weed delivery Boise, buy marijuana Boise, cannabis stores Boise, marijuana stores Boise, weed stores Boise, cannabis products Boise, marijuana products Boise, weed products Boise, cannabis dispensary Boise, marijuana dispensary Boise, cannabis near me Boise, weed near me Boise, marijuana near me Boise, cannabis specials Boise, marijuana specials Boise, weed specials Boise, cannabis deals Boise, marijuana deals Boise, weed deals Boise, cannabis offers Boise, marijuana offers Boise, weed offers Boise, cannabis strains Boise, marijuana strains Boise, weed strains Boise, cannabis prices Boise, marijuana prices Boise, weed prices Boise, cannabis delivery Boise, marijuana delivery Boise, weed delivery Boise, cannabis retailers Boise, marijuana retailers Boise, weed retailers Boise, cannabis shop near me Boise, marijuana shop near me Boise, weed shop near me Boise, Idaho cannabis shops, Idaho marijuana shops, Idaho weed shops, buy weed online Idaho, buy cannabis online, cannabis delivery in Idaho, marijuana delivery in Idaho, weed delivery in Idaho, Idaho cannabis strains, Idaho marijuana strains, Idaho weed strains, cannabis in Idaho Falls, marijuana in Idaho Falls, buy cannabis Idaho Falls, cannabis delivery Idaho Falls, weed Idaho Falls, cannabis shops Idaho Falls, marijuana shops Idaho Falls, buy weed Idaho Falls, cannabis near me Idaho Falls, weed delivery Idaho Falls, buy marijuana Idaho Falls, cannabis stores Idaho Falls, marijuana stores Idaho Falls, weed stores Idaho Falls, cannabis products Idaho Falls, marijuana products Idaho Falls, weed products Idaho Falls, cannabis dispensary Idaho Falls, marijuana dispensary Idaho Falls, cannabis near me Idaho Falls, weed near me Idaho Falls, marijuana near me Idaho Falls, cannabis specials Idaho Falls, marijuana specials Idaho Falls, weed specials Idaho Falls, cannabis deals Idaho Falls, marijuana deals Idaho Falls, weed deals Idaho Falls, cannabis offers Idaho Falls, marijuana offers Idaho Falls, weed offers Idaho Falls, cannabis strains Idaho Falls, marijuana strains Idaho Falls, weed strains Idaho Falls, cannabis prices Idaho Falls, marijuana prices Idaho Falls, weed prices Idaho Falls, cannabis delivery Idaho Falls, marijuana delivery Idaho Falls, weed delivery Idaho Falls, cannabis retailers Idaho Falls, marijuana retailers Idaho Falls, weed retailers Idaho Falls, cannabis shop near me Idaho Falls, marijuana shop near me Idaho Falls, weed shop near me Idaho Falls.  Espero que esta lista te sea \u00fatil para optimizar tu sitio web en t\u00e9rminos de b\u00fasqueda de cannabis en Idaho.   generame 500 palabras en ingles separadas por coma, metatags mas buscadas en idaho referente al cannabis y los dispensarios  ChatGPT Claro, aqu\u00ed tienes una lista de 500 palabras clave en ingl\u00e9s, separadas por comas, relacionadas con cannabis y dispensarios en Idaho. Estas palabras est\u00e1n optimizadas para mejorar la visibilidad en los motores de b\u00fasqueda:  **","publisher":{"@id":"https:\/\/buyweedidaho.com\/#organization"},"potentialAction":[{"@type":"SearchAction","target":{"@type":"EntryPoint","urlTemplate":"https:\/\/buyweedidaho.com\/?s={search_term_string}"},"query-input":{"@type":"PropertyValueSpecification","valueRequired":true,"valueName":"search_term_string"}}],"inLanguage":"en-US"},{"@type":"Organization","@id":"https:\/\/buyweedidaho.com\/#organization","name":"Buy Marijuana in Idaho at the Best Prices | Fast USPS Shipping Available - Bitcoin accepted ! - Top prices, service. - +527225688106 &ndash; Text &amp; whatsapp - 420 Idaho - sdgreen6190@gmail.com &ndash; Fully Anonymous &ndash; Bitcoin Accepted","url":"https:\/\/buyweedidaho.com\/","logo":{"@type":"ImageObject","inLanguage":"en-US","@id":"https:\/\/buyweedidaho.com\/#\/schema\/logo\/image\/","url":"https:\/\/buyweedidaho.com\/wp-content\/uploads\/2024\/08\/cropped-idaho1.jpg","contentUrl":"https:\/\/buyweedidaho.com\/wp-content\/uploads\/2024\/08\/cropped-idaho1.jpg","width":1079,"height":451,"caption":"Buy Marijuana in Idaho at the Best Prices | Fast USPS Shipping Available - Bitcoin accepted ! - Top prices, service. - +527225688106 &ndash; Text &amp; whatsapp - 420 Idaho - sdgreen6190@gmail.com &ndash; Fully Anonymous &ndash; Bitcoin Accepted"},"image":{"@id":"https:\/\/buyweedidaho.com\/#\/schema\/logo\/image\/"}}]}},"_links":{"self":[{"href":"https:\/\/buyweedidaho.com\/index.php\/wp-json\/wp\/v2\/pages\/79","targetHints":{"allow":["GET"]}}],"collection":[{"href":"https:\/\/buyweedidaho.com\/index.php\/wp-json\/wp\/v2\/pages"}],"about":[{"href":"https:\/\/buyweedidaho.com\/index.php\/wp-json\/wp\/v2\/types\/page"}],"author":[{"embeddable":true,"href":"https:\/\/buyweedidaho.com\/index.php\/wp-json\/wp\/v2\/users\/1"}],"replies":[{"embeddable":true,"href":"https:\/\/buyweedidaho.com\/index.php\/wp-json\/wp\/v2\/comments?post=79"}],"version-history":[{"count":0,"href":"https:\/\/buyweedidaho.com\/index.php\/wp-json\/wp\/v2\/pages\/79\/revisions"}],"wp:attachment":[{"href":"https:\/\/buyweedidaho.com\/index.php\/wp-json\/wp\/v2\/media?parent=79"}],"curies":[{"name":"wp","href":"https:\/\/api.w.org\/{rel}","templated":true}]}}